{"id":986,"date":"2023-01-27T13:58:56","date_gmt":"2023-01-27T13:58:56","guid":{"rendered":"https:\/\/www.jointacademy.com\/fr\/?page_id=986"},"modified":"2023-01-30T10:05:30","modified_gmt":"2023-01-30T10:05:30","slug":"mention-legales","status":"publish","type":"page","link":"https:\/\/www.jointacademy.com\/fr\/fr\/mention-legales\/","title":{"rendered":"Mentions L\u00e9gales"},"content":{"rendered":"<!-- Section: Texte -->\n<section class=\" section-base text\" id=\"\" data-theme=\"white\">\n    \n    <div class=\" container container--md margin-top--lg margin-bottom--lg \">\n        \n        \n            <div class=\"text--component \" style=\"\">\n        \n                    <h2><b>Mentions l\u00e9gales de l&rsquo;Application &amp; site-web de JOINT ACADEMY<\/b><\/h2>\n<p><i><span style=\"font-weight: 400;\">Dispositif M\u00e9dical de Classe I marqu\u00e9 CE<\/span><\/i><\/p>\n<p><b>Mises \u00e0 jour le 23\/01\/2023<\/b><\/p>\n<ul>\n<li aria-level=\"1\"><b>Mentions l\u00e9gales<\/b><\/li>\n<li aria-level=\"2\"><b>\u00c9diteur de l\u2019Application\u00a0<\/b><\/li>\n<\/ul>\n<p><span style=\"font-weight: 400;\">L\u2019Application Joint Academy (ci-apr\u00e8s d\u00e9sign\u00e9e \u00ab\u00a0Application \u00bb) est \u00e9dit\u00e9e par la soci\u00e9t\u00e9 Arthro Therapeutics AB (556941-9210) dont le si\u00e8ge social est situ\u00e9 au Stortorget 31, 211 34,\u00a0 Malmo en Su\u00e8de.<\/span><\/p>\n<p><span style=\"font-weight: 400;\">Arthro Therapeutics AB a conc\u00e9d\u00e9 \u00e0 Joint Academy FR, SAS, une licence d\u2019exploitation et d\u2019utilisation de la plateforme Joint Academy.\u00a0<\/span><\/p>\n<p><span style=\"font-weight: 400;\">Joint Academy FR, SAS, soci\u00e9t\u00e9 enregistr\u00e9e en France au RCS de Paris sous le num\u00e9ro 814 428 785 et situ\u00e9e \u00e0 60 rue Fran\u00e7ois 1er, 75008, Paris c\/o Legalplace, est une filiale de Arthro Therapeutics AB,\u00a0 \u00e9diteur de la Plateforme et l\u2019Application Joint Academy, permettant \u00e0 des masseurs-kin\u00e9sith\u00e9rapeutes de d\u00e9livrer des actes de t\u00e9l\u00e9soin dans le cadre d\u2019un programme personnalis\u00e9 destin\u00e9 \u00e0 accompagner les patients souffrant de douleurs articulaires.<\/span><\/p>\n<p><span style=\"font-weight: 400;\">Contact mail: info@jointcademy.fr<\/span><\/p>\n<p><span style=\"font-weight: 400;\">Directeur de la publication\u00a0: Johan B\u00e4ckman Berg<\/span><\/p>\n<ul>\n<li aria-level=\"2\"><b>H\u00e9bergeur de donn\u00e9es et de donn\u00e9es de sant\u00e9\u00a0<\/b><\/li>\n<\/ul>\n<p><span style=\"font-weight: 400;\">H\u00e9bergeur du site web de Joint Academy : WP Engine, Groningen, les Pays-Bas (europe-west4-a) dont le si\u00e8ge social est situ\u00e9 \u00e0 Irongate House, 22-30 Duke&rsquo;s Plac, London, EC3A 7LP United Kingdom.<\/span><\/p>\n<p><span style=\"font-weight: 400;\">H\u00e9bergeur du site web de nos partenaires : Netlify Inc, Frankfurt, Allemagne (central europe), dont le si\u00e8ge social est situ\u00e9 \u00e1 44 Montgomery Street Suite 300 San Francisco, CA 94104 United States<\/span><\/p>\n<p><i><span style=\"font-weight: 400;\">Aucune donn\u00e9e de sant\u00e9 n&rsquo;est enregistr\u00e9e via notre site web ou via nos sites web partenaire<\/span><\/i><\/p>\n<p><span style=\"font-weight: 400;\">H\u00e9bergeur des donn\u00e9es de sant\u00e9 : La soci\u00e9t\u00e9 Amazon Web Services EMEA SARL (AWS), h\u00e9bergeur de donn\u00e9es de sant\u00e9 certifi\u00e9 (HDS). Le si\u00e8ge social de AWS est situ\u00e9 38 avenue John F. Kennedy, L &#8211; 1885 Luxembourg.<\/span><\/p>\n\n        \n        \n            <\/div>\n\n        \n            <\/div>\n\n    \n    \n                <\/section>\n","protected":false},"excerpt":{"rendered":"","protected":false},"author":2,"featured_media":0,"parent":0,"menu_order":0,"comment_status":"closed","ping_status":"closed","template":"","meta":{"footnotes":""},"class_list":["post-986","page","type-page","status-publish","hentry"],"yoast_head":"<!-- This site is optimized with the Yoast SEO Premium plugin v21.7 (Yoast SEO v21.7) - https:\/\/yoast.com\/wordpress\/plugins\/seo\/ -->\n<title>Mentions L\u00e9gales - Joint Academy FR<\/title>\n<meta name=\"robots\" content=\"index, follow, max-snippet:-1, max-image-preview:large, max-video-preview:-1\" \/>\n<link rel=\"canonical\" href=\"https:\/\/www.jointacademy.com\/fr\/fr\/mention-legales\/\" \/>\n<meta property=\"og:locale\" content=\"fr_FR\" \/>\n<meta property=\"og:type\" content=\"article\" \/>\n<meta property=\"og:title\" content=\"Mentions L\u00e9gales\" \/>\n<meta property=\"og:url\" content=\"https:\/\/www.jointacademy.com\/fr\/fr\/mention-legales\/\" \/>\n<meta property=\"og:site_name\" content=\"Joint Academy FR\" \/>\n<meta property=\"article:modified_time\" content=\"2023-01-30T10:05:30+00:00\" \/>\n<meta property=\"og:image\" content=\"https:\/\/www.jointacademy.com\/fr\/wp-content\/uploads\/sites\/8\/2023\/01\/Logo-Images-Thumbnail.jpeg\" \/>\n\t<meta property=\"og:image:width\" content=\"1280\" \/>\n\t<meta property=\"og:image:height\" content=\"720\" \/>\n\t<meta property=\"og:image:type\" content=\"image\/jpeg\" \/>\n<meta name=\"twitter:card\" content=\"summary_large_image\" \/>\n<script type=\"application\/ld+json\" class=\"yoast-schema-graph\">{\"@context\":\"https:\/\/schema.org\",\"@graph\":[{\"@type\":\"WebPage\",\"@id\":\"https:\/\/www.jointacademy.com\/fr\/fr\/mention-legales\/\",\"url\":\"https:\/\/www.jointacademy.com\/fr\/fr\/mention-legales\/\",\"name\":\"Mentions L\u00e9gales - Joint Academy FR\",\"isPartOf\":{\"@id\":\"https:\/\/www.jointacademy.com\/fr\/fr\/#website\"},\"datePublished\":\"2023-01-27T13:58:56+00:00\",\"dateModified\":\"2023-01-30T10:05:30+00:00\",\"breadcrumb\":{\"@id\":\"https:\/\/www.jointacademy.com\/fr\/fr\/mention-legales\/#breadcrumb\"},\"inLanguage\":\"fr-FR\",\"potentialAction\":[{\"@type\":\"ReadAction\",\"target\":[\"https:\/\/www.jointacademy.com\/fr\/fr\/mention-legales\/\"]}]},{\"@type\":\"BreadcrumbList\",\"@id\":\"https:\/\/www.jointacademy.com\/fr\/fr\/mention-legales\/#breadcrumb\",\"itemListElement\":[{\"@type\":\"ListItem\",\"position\":1,\"name\":\"Home\",\"item\":\"https:\/\/www.jointacademy.com\/fr\/fr\/message\/\"},{\"@type\":\"ListItem\",\"position\":2,\"name\":\"Mentions L\u00e9gales\"}]},{\"@type\":\"WebSite\",\"@id\":\"https:\/\/www.jointacademy.com\/fr\/fr\/#website\",\"url\":\"https:\/\/www.jointacademy.com\/fr\/fr\/\",\"name\":\"Joint Academy FR\",\"description\":\"\",\"potentialAction\":[{\"@type\":\"SearchAction\",\"target\":{\"@type\":\"EntryPoint\",\"urlTemplate\":\"https:\/\/www.jointacademy.com\/fr\/fr\/?s={search_term_string}\"},\"query-input\":\"required name=search_term_string\"}],\"inLanguage\":\"fr-FR\"}]}<\/script>\n<!-- \/ Yoast SEO Premium plugin. -->","yoast_head_json":{"title":"Mentions L\u00e9gales - Joint Academy FR","robots":{"index":"index","follow":"follow","max-snippet":"max-snippet:-1","max-image-preview":"max-image-preview:large","max-video-preview":"max-video-preview:-1"},"canonical":"https:\/\/www.jointacademy.com\/fr\/fr\/mention-legales\/","og_locale":"fr_FR","og_type":"article","og_title":"Mentions L\u00e9gales","og_url":"https:\/\/www.jointacademy.com\/fr\/fr\/mention-legales\/","og_site_name":"Joint Academy FR","article_modified_time":"2023-01-30T10:05:30+00:00","og_image":[{"width":1280,"height":720,"url":"https:\/\/www.jointacademy.com\/fr\/wp-content\/uploads\/sites\/8\/2023\/01\/Logo-Images-Thumbnail.jpeg","type":"image\/jpeg"}],"twitter_card":"summary_large_image","schema":{"@context":"https:\/\/schema.org","@graph":[{"@type":"WebPage","@id":"https:\/\/www.jointacademy.com\/fr\/fr\/mention-legales\/","url":"https:\/\/www.jointacademy.com\/fr\/fr\/mention-legales\/","name":"Mentions L\u00e9gales - Joint Academy FR","isPartOf":{"@id":"https:\/\/www.jointacademy.com\/fr\/fr\/#website"},"datePublished":"2023-01-27T13:58:56+00:00","dateModified":"2023-01-30T10:05:30+00:00","breadcrumb":{"@id":"https:\/\/www.jointacademy.com\/fr\/fr\/mention-legales\/#breadcrumb"},"inLanguage":"fr-FR","potentialAction":[{"@type":"ReadAction","target":["https:\/\/www.jointacademy.com\/fr\/fr\/mention-legales\/"]}]},{"@type":"BreadcrumbList","@id":"https:\/\/www.jointacademy.com\/fr\/fr\/mention-legales\/#breadcrumb","itemListElement":[{"@type":"ListItem","position":1,"name":"Home","item":"https:\/\/www.jointacademy.com\/fr\/fr\/message\/"},{"@type":"ListItem","position":2,"name":"Mentions L\u00e9gales"}]},{"@type":"WebSite","@id":"https:\/\/www.jointacademy.com\/fr\/fr\/#website","url":"https:\/\/www.jointacademy.com\/fr\/fr\/","name":"Joint Academy FR","description":"","potentialAction":[{"@type":"SearchAction","target":{"@type":"EntryPoint","urlTemplate":"https:\/\/www.jointacademy.com\/fr\/fr\/?s={search_term_string}"},"query-input":"required name=search_term_string"}],"inLanguage":"fr-FR"}]}},"acf":[],"_links":{"self":[{"href":"https:\/\/www.jointacademy.com\/fr\/wp-json\/wp\/v2\/pages\/986","targetHints":{"allow":["GET"]}}],"collection":[{"href":"https:\/\/www.jointacademy.com\/fr\/wp-json\/wp\/v2\/pages"}],"about":[{"href":"https:\/\/www.jointacademy.com\/fr\/wp-json\/wp\/v2\/types\/page"}],"author":[{"embeddable":true,"href":"https:\/\/www.jointacademy.com\/fr\/wp-json\/wp\/v2\/users\/2"}],"replies":[{"embeddable":true,"href":"https:\/\/www.jointacademy.com\/fr\/wp-json\/wp\/v2\/comments?post=986"}],"version-history":[{"count":0,"href":"https:\/\/www.jointacademy.com\/fr\/wp-json\/wp\/v2\/pages\/986\/revisions"}],"wp:attachment":[{"href":"https:\/\/www.jointacademy.com\/fr\/wp-json\/wp\/v2\/media?parent=986"}],"curies":[{"name":"wp","href":"https:\/\/api.w.org\/{rel}","templated":true}]}}