{"id":14,"date":"2019-06-09T08:25:50","date_gmt":"2019-06-09T08:25:50","guid":{"rendered":"https:\/\/prod.jointacademy.com\/se\/?page_id=14"},"modified":"2025-10-21T14:29:47","modified_gmt":"2025-10-21T14:29:47","slug":"kontakt","status":"publish","type":"page","link":"https:\/\/www.jointacademy.com\/se\/sv\/kontakt\/","title":{"rendered":"Kontakt"},"content":{"rendered":"<!-- Section: Card select -->\n<section class=\"section section-base card-select card-select--cols-4\" id=\"\" data-theme=\"none\">\n    \n    <div class=\"section-container container container--lg margin-top--lg margin-bottom--lg \">\n        \n                    <div class=\"block-header text--center\">\n                                                                                        <h2>Kontakta oss<\/h2>\n                                                    <p class=\"margin-top--8 text--secondary\">H\u00f6r av dig till oss om du undrar n\u00e5got s\u00e5 svarar vi p\u00e5 dina fr\u00e5gor.<\/p>\n                                            <\/div>\n        \n            <div class=\"card-select__grid\">\n                    <div class=\"card-select__col\">\n                <div class=\"card-select__card \">\n                    <div>\n                        <div class=\"card-select__icon margin-bottom--16\"><i class=\"fa-classic fa-solid fa-comments-question\" aria-hidden=\"true\"><\/i><\/div>\n                        <h3 class=\"margin-bottom--8 text--center\">Patientsupport<\/h3>\n                        <p class=\"text--center\">F\u00f6r behandling och appen.<\/p>\n                    <\/div>\n\n                                            <a href=\"https:\/\/www.jointacademy.com\/se\/sv\/faq\/\" data-goal=\"\" class=\"btn btn--primary btn--md margin-top--16\">\n                            Hj\u00e4lpcenter\n                        <\/a>\n                                    <\/div>\n            <\/div>\n                    <div class=\"card-select__col\">\n                <div class=\"card-select__card \">\n                    <div>\n                        <div class=\"card-select__icon margin-bottom--16\"><i class=\"fa-classic fa-solid fa-buildings\" aria-hidden=\"true\"><\/i><\/div>\n                        <h3 class=\"margin-bottom--8 text--center\">F\u00f6retag<\/h3>\n                        <p class=\"text--center\">F\u00f6r samarbete och demo.<\/p>\n                    <\/div>\n\n                                            <a href=\"https:\/\/www.jointacademy.com\/se\/sv\/varden\/\" data-goal=\"\" class=\"btn btn--primary btn--md margin-top--16\">\n                            Kontakta oss\n                        <\/a>\n                                    <\/div>\n            <\/div>\n                    <div class=\"card-select__col\">\n                <div class=\"card-select__card \">\n                    <div>\n                        <div class=\"card-select__icon margin-bottom--16\"><i class=\"fa-classic fa-solid fa-pen\" aria-hidden=\"true\"><\/i><\/div>\n                        <h3 class=\"margin-bottom--8 text--center\">Press &#038; Media<\/h3>\n                        <p class=\"text--center\">F\u00f6r intervjuer och material.<\/p>\n                    <\/div>\n\n                                            <a href=\"mailto:press@jointacademy.com\" data-goal=\"\" class=\"btn btn--primary btn--md margin-top--16\">\n                            Kontakta oss\n                        <\/a>\n                                    <\/div>\n            <\/div>\n                    <div class=\"card-select__col\">\n                <div class=\"card-select__card \">\n                    <div>\n                        <div class=\"card-select__icon margin-bottom--16\"><i class=\"fa-classic fa-solid fa-message-middle\" aria-hidden=\"true\"><\/i><\/div>\n                        <h3 class=\"margin-bottom--8 text--center\">\u00d6vrigt<\/h3>\n                        <p class=\"text--center\">F\u00f6r andra \u00e4renden.<\/p>\n                    <\/div>\n\n                                            <a href=\"mailto:info@jointacademy.se\" data-goal=\"\" class=\"btn btn--primary btn--md margin-top--16\">\n                            Kontakta oss\n                        <\/a>\n                                    <\/div>\n            <\/div>\n            <\/div>\n\n        \n            <\/div>\n\n    \n    \n                <\/section>\n\n\n<!-- Section: Addresses -->\n<section class=\"section section-base \" id=\"\" data-theme=\"white\">\n    \n    <div class=\" container container--lg margin-top--lg margin-bottom--lg \">\n        \n        \n            <div class=\"addresses-section\">\n        <div class=\"grid grid--gap-md\">\n            <div class=\"col col--12 col--sm-4\">\n                <h3 class=\"addresses-section__title\">V\u00e5ra kontor<\/h3>\n            <\/div>\n\n                            <div class=\"col col--12 col--sm-4\">\n                    <div class=\"addresses-section__address\">\n                        <p class=\"text--bold margin-bottom--xxs\">Malm\u00f6<\/p>\n                        <p class=\"addresses-section__location\">Stortorget 29<br \/>\r\n211 34 Malm\u00f6<br \/>\r\nSweden<\/p>\n                    <\/div>\n                <\/div>\n                            <div class=\"col col--12 col--sm-4\">\n                    <div class=\"addresses-section__address\">\n                        <p class=\"text--bold margin-bottom--xxs\">San Francisco<\/p>\n                        <p class=\"addresses-section__location\">650 California St<br \/>\r\nSan Francisco, Ca 94108<br \/>\r\nUnited States<br \/>\r\nTelefon: +1 929-547-6370<\/p>\n                    <\/div>\n                <\/div>\n                    <\/div>\n    <\/div>\n\n        \n            <\/div>\n\n    \n    \n                <\/section>\n","protected":false},"excerpt":{"rendered":"","protected":false},"author":2,"featured_media":0,"parent":0,"menu_order":0,"comment_status":"closed","ping_status":"closed","template":"","meta":{"footnotes":""},"class_list":["post-14","page","type-page","status-publish","hentry"],"yoast_head":"<!-- This site is optimized with the Yoast SEO Premium plugin v21.7 (Yoast SEO v21.7) - https:\/\/yoast.com\/wordpress\/plugins\/seo\/ -->\n<title>Kontakt | Joint Academy<\/title>\n<meta name=\"description\" content=\"Vi jobbar f\u00f6r att det ska vara enkelt att kontakta Joint Academy. D\u00e4rf\u00f6r \u00e4r v\u00e5r supportpersonal redo att ta hand om ditt \u00e4rende s\u00e5 snart som m\u00f6jligt.\" \/>\n<meta name=\"robots\" content=\"index, follow, max-snippet:-1, max-image-preview:large, max-video-preview:-1\" \/>\n<link rel=\"canonical\" href=\"https:\/\/www.jointacademy.com\/se\/sv\/kontakt\/\" \/>\n<meta property=\"og:locale\" content=\"sv_SE\" \/>\n<meta property=\"og:type\" content=\"article\" \/>\n<meta property=\"og:title\" content=\"Kontakt\" \/>\n<meta property=\"og:description\" content=\"Vi jobbar f\u00f6r att det ska vara enkelt att kontakta Joint Academy. D\u00e4rf\u00f6r \u00e4r v\u00e5r supportpersonal redo att ta hand om ditt \u00e4rende s\u00e5 snart som m\u00f6jligt.\" \/>\n<meta property=\"og:url\" content=\"https:\/\/www.jointacademy.com\/se\/sv\/kontakt\/\" \/>\n<meta property=\"og:site_name\" content=\"Joint Academy SE\" \/>\n<meta property=\"article:publisher\" content=\"https:\/\/www.facebook.com\/JointAcademy\/\" \/>\n<meta property=\"article:modified_time\" content=\"2025-10-21T14:29:47+00:00\" \/>\n<meta property=\"og:image\" content=\"https:\/\/www.jointacademy.com\/se\/wp-content\/uploads\/sites\/4\/2022\/09\/ja-generic-og-image.jpg\" \/>\n\t<meta property=\"og:image:width\" content=\"1200\" \/>\n\t<meta property=\"og:image:height\" content=\"630\" \/>\n\t<meta property=\"og:image:type\" content=\"image\/jpeg\" \/>\n<meta name=\"twitter:card\" content=\"summary_large_image\" \/>\n<script type=\"application\/ld+json\" class=\"yoast-schema-graph\">{\"@context\":\"https:\/\/schema.org\",\"@graph\":[{\"@type\":\"WebPage\",\"@id\":\"https:\/\/www.jointacademy.com\/se\/sv\/kontakt\/\",\"url\":\"https:\/\/www.jointacademy.com\/se\/sv\/kontakt\/\",\"name\":\"Kontakt | Joint Academy\",\"isPartOf\":{\"@id\":\"https:\/\/www.jointacademy.com\/se\/sv\/#website\"},\"datePublished\":\"2019-06-09T08:25:50+00:00\",\"dateModified\":\"2025-10-21T14:29:47+00:00\",\"description\":\"Vi jobbar f\u00f6r att det ska vara enkelt att kontakta Joint Academy. D\u00e4rf\u00f6r \u00e4r v\u00e5r supportpersonal redo att ta hand om ditt \u00e4rende s\u00e5 snart som m\u00f6jligt.\",\"breadcrumb\":{\"@id\":\"https:\/\/www.jointacademy.com\/se\/sv\/kontakt\/#breadcrumb\"},\"inLanguage\":\"sv-SE\",\"potentialAction\":[{\"@type\":\"ReadAction\",\"target\":[\"https:\/\/www.jointacademy.com\/se\/sv\/kontakt\/\"]}]},{\"@type\":\"BreadcrumbList\",\"@id\":\"https:\/\/www.jointacademy.com\/se\/sv\/kontakt\/#breadcrumb\",\"itemListElement\":[{\"@type\":\"ListItem\",\"position\":1,\"name\":\"Hem\",\"item\":\"https:\/\/www.jointacademy.com\/se\/sv\/\"},{\"@type\":\"ListItem\",\"position\":2,\"name\":\"Kontakt\"}]},{\"@type\":\"WebSite\",\"@id\":\"https:\/\/www.jointacademy.com\/se\/sv\/#website\",\"url\":\"https:\/\/www.jointacademy.com\/se\/sv\/\",\"name\":\"Joint Academy SE\",\"description\":\"\",\"publisher\":{\"@id\":\"https:\/\/www.jointacademy.com\/se\/sv\/#organization\"},\"potentialAction\":[{\"@type\":\"SearchAction\",\"target\":{\"@type\":\"EntryPoint\",\"urlTemplate\":\"https:\/\/www.jointacademy.com\/se\/sv\/?s={search_term_string}\"},\"query-input\":\"required name=search_term_string\"}],\"inLanguage\":\"sv-SE\"},{\"@type\":\"Organization\",\"@id\":\"https:\/\/www.jointacademy.com\/se\/sv\/#organization\",\"name\":\"Joint Academy\",\"url\":\"https:\/\/www.jointacademy.com\/se\/sv\/\",\"logo\":{\"@type\":\"ImageObject\",\"inLanguage\":\"sv-SE\",\"@id\":\"https:\/\/www.jointacademy.com\/se\/sv\/#\/schema\/logo\/image\/\",\"url\":\"https:\/\/www.jointacademy.com\/se\/wp-content\/uploads\/sites\/4\/2019\/06\/joint_academy_logo_color@2x.png\",\"contentUrl\":\"https:\/\/www.jointacademy.com\/se\/wp-content\/uploads\/sites\/4\/2019\/06\/joint_academy_logo_color@2x.png\",\"width\":404,\"height\":88,\"caption\":\"Joint Academy\"},\"image\":{\"@id\":\"https:\/\/www.jointacademy.com\/se\/sv\/#\/schema\/logo\/image\/\"},\"sameAs\":[\"https:\/\/www.facebook.com\/JointAcademy\/\"]}]}<\/script>\n<!-- \/ Yoast SEO Premium plugin. -->","yoast_head_json":{"title":"Kontakt | Joint Academy","description":"Vi jobbar f\u00f6r att det ska vara enkelt att kontakta Joint Academy. D\u00e4rf\u00f6r \u00e4r v\u00e5r supportpersonal redo att ta hand om ditt \u00e4rende s\u00e5 snart som m\u00f6jligt.","robots":{"index":"index","follow":"follow","max-snippet":"max-snippet:-1","max-image-preview":"max-image-preview:large","max-video-preview":"max-video-preview:-1"},"canonical":"https:\/\/www.jointacademy.com\/se\/sv\/kontakt\/","og_locale":"sv_SE","og_type":"article","og_title":"Kontakt","og_description":"Vi jobbar f\u00f6r att det ska vara enkelt att kontakta Joint Academy. D\u00e4rf\u00f6r \u00e4r v\u00e5r supportpersonal redo att ta hand om ditt \u00e4rende s\u00e5 snart som m\u00f6jligt.","og_url":"https:\/\/www.jointacademy.com\/se\/sv\/kontakt\/","og_site_name":"Joint Academy SE","article_publisher":"https:\/\/www.facebook.com\/JointAcademy\/","article_modified_time":"2025-10-21T14:29:47+00:00","og_image":[{"width":1200,"height":630,"url":"https:\/\/www.jointacademy.com\/se\/wp-content\/uploads\/sites\/4\/2022\/09\/ja-generic-og-image.jpg","type":"image\/jpeg"}],"twitter_card":"summary_large_image","schema":{"@context":"https:\/\/schema.org","@graph":[{"@type":"WebPage","@id":"https:\/\/www.jointacademy.com\/se\/sv\/kontakt\/","url":"https:\/\/www.jointacademy.com\/se\/sv\/kontakt\/","name":"Kontakt | Joint Academy","isPartOf":{"@id":"https:\/\/www.jointacademy.com\/se\/sv\/#website"},"datePublished":"2019-06-09T08:25:50+00:00","dateModified":"2025-10-21T14:29:47+00:00","description":"Vi jobbar f\u00f6r att det ska vara enkelt att kontakta Joint Academy. D\u00e4rf\u00f6r \u00e4r v\u00e5r supportpersonal redo att ta hand om ditt \u00e4rende s\u00e5 snart som m\u00f6jligt.","breadcrumb":{"@id":"https:\/\/www.jointacademy.com\/se\/sv\/kontakt\/#breadcrumb"},"inLanguage":"sv-SE","potentialAction":[{"@type":"ReadAction","target":["https:\/\/www.jointacademy.com\/se\/sv\/kontakt\/"]}]},{"@type":"BreadcrumbList","@id":"https:\/\/www.jointacademy.com\/se\/sv\/kontakt\/#breadcrumb","itemListElement":[{"@type":"ListItem","position":1,"name":"Hem","item":"https:\/\/www.jointacademy.com\/se\/sv\/"},{"@type":"ListItem","position":2,"name":"Kontakt"}]},{"@type":"WebSite","@id":"https:\/\/www.jointacademy.com\/se\/sv\/#website","url":"https:\/\/www.jointacademy.com\/se\/sv\/","name":"Joint Academy SE","description":"","publisher":{"@id":"https:\/\/www.jointacademy.com\/se\/sv\/#organization"},"potentialAction":[{"@type":"SearchAction","target":{"@type":"EntryPoint","urlTemplate":"https:\/\/www.jointacademy.com\/se\/sv\/?s={search_term_string}"},"query-input":"required name=search_term_string"}],"inLanguage":"sv-SE"},{"@type":"Organization","@id":"https:\/\/www.jointacademy.com\/se\/sv\/#organization","name":"Joint Academy","url":"https:\/\/www.jointacademy.com\/se\/sv\/","logo":{"@type":"ImageObject","inLanguage":"sv-SE","@id":"https:\/\/www.jointacademy.com\/se\/sv\/#\/schema\/logo\/image\/","url":"https:\/\/www.jointacademy.com\/se\/wp-content\/uploads\/sites\/4\/2019\/06\/joint_academy_logo_color@2x.png","contentUrl":"https:\/\/www.jointacademy.com\/se\/wp-content\/uploads\/sites\/4\/2019\/06\/joint_academy_logo_color@2x.png","width":404,"height":88,"caption":"Joint Academy"},"image":{"@id":"https:\/\/www.jointacademy.com\/se\/sv\/#\/schema\/logo\/image\/"},"sameAs":["https:\/\/www.facebook.com\/JointAcademy\/"]}]}},"acf":[],"_links":{"self":[{"href":"https:\/\/www.jointacademy.com\/se\/wp-json\/wp\/v2\/pages\/14","targetHints":{"allow":["GET"]}}],"collection":[{"href":"https:\/\/www.jointacademy.com\/se\/wp-json\/wp\/v2\/pages"}],"about":[{"href":"https:\/\/www.jointacademy.com\/se\/wp-json\/wp\/v2\/types\/page"}],"author":[{"embeddable":true,"href":"https:\/\/www.jointacademy.com\/se\/wp-json\/wp\/v2\/users\/2"}],"replies":[{"embeddable":true,"href":"https:\/\/www.jointacademy.com\/se\/wp-json\/wp\/v2\/comments?post=14"}],"version-history":[{"count":0,"href":"https:\/\/www.jointacademy.com\/se\/wp-json\/wp\/v2\/pages\/14\/revisions"}],"wp:attachment":[{"href":"https:\/\/www.jointacademy.com\/se\/wp-json\/wp\/v2\/media?parent=14"}],"curies":[{"name":"wp","href":"https:\/\/api.w.org\/{rel}","templated":true}]}}