{"id":23,"date":"2019-06-09T08:27:39","date_gmt":"2019-06-09T08:27:39","guid":{"rendered":"https:\/\/prod.jointacademy.com\/se\/?page_id=23"},"modified":"2025-04-15T10:24:17","modified_gmt":"2025-04-15T10:24:17","slug":"policy","status":"publish","type":"page","link":"https:\/\/www.jointacademy.com\/se\/sv\/policy\/","title":{"rendered":"Personuppgiftspolicy"},"content":{"rendered":"<!-- Section: Text -->\n<section class=\" section-base text\" id=\"\" data-theme=\"white\">\n    \n    <div class=\" container container--md margin-top--lg margin-bottom--lg \">\n        \n        \n            <div class=\"text--component \" style=\"\">\n        \n                    <h1><span class=\"text--lg\">Personuppgiftspolicy<\/span><\/h1>\n<p>Personuppgiftspolicy f\u00f6r anv\u00e4ndare av Joint Academy och webbplatsbes\u00f6kare<\/p>\n<h3>1 Personuppgiftspolicyns omfattning<\/h3>\n<p>1.1 Nedan beskrivs hur Arthro Therapeutics AB, org. nr 556941-9210, med adress <span style=\"font-weight: 400;\">Arthro Therapeutics AB, Stortorget 31, 211 34 Malm\u00f6<\/span> c\/o A Invest &amp; Consulting AB, V\u00e4stergatan 22, 211 21 Malm\u00f6, (\u201dArthro\u201d, \u201doss\u201d eller \u201dvi\u201d), behandlar personuppgifter i f\u00f6rh\u00e5llande till dig som anv\u00e4ndare av Joint Academy, och dig som bes\u00f6ker v\u00e5r hemsida www.jointacademy.com, (\u201dWebbplatsen\u201d).<\/p>\n<p>1.2 Vi tycker personlig integritet \u00e4r viktigt och vi tar din integritet p\u00e5 st\u00f6rsta allvar. Det \u00e4r d\u00e4rf\u00f6r viktigt f\u00f6r oss att skydda dina personuppgifter och f\u00f6rs\u00e4kra oss om att v\u00e5r behandling av dem sker p\u00e5 ett korrekt och lagligt s\u00e4tt.<\/p>\n<p>1.3 I denna personuppgiftspolicy f\u00f6rklarar vi vilka typer av personuppgifter vi kan komma att behandla och i vilket syfte vi behandlar dem. Vi redog\u00f6r ocks\u00e5 f\u00f6r v\u00e5r behandling av personuppgifter samt vilka val och vilka r\u00e4ttigheter du har i relation till den. Vi ber dig l\u00e4sa igenom v\u00e5r personuppgiftspolicy noggrant och g\u00f6ra dig inf\u00f6rst\u00e5dd med dess inneh\u00e5ll.<\/p>\n<p>1.4 V\u00e4nligen notera att denna personuppgiftspolicy endast r\u00f6r behandling av personuppgifter f\u00f6r vilka Arthro \u00e4r personuppgiftsansvarig. Det inneb\u00e4r att vi ansvarar f\u00f6r hanteringen och behandlingen av dina personuppgifter. Det inneb\u00e4r \u00e4ven att det \u00e4r till oss du ska v\u00e4nda dig med fr\u00e5gor eller synpunkter, eller om du vill utnyttja n\u00e5gon av de r\u00e4ttigheter du har i f\u00f6rh\u00e5llande till v\u00e5r hantering av dina personuppgifter.<\/p>\n<p>1.5 Arthro Therapeutics tecknar avtal med s\u00e5v\u00e4l v\u00e5rdgivare, frist\u00e5ende legitimerade fysioterapeuter samt anst\u00e4llda s\u00e5dana som \u00f6nskar ansluta sig till Tj\u00e4nsten och d\u00e4rmed komma i kontakt med anv\u00e4ndare via Joint Academy. I vissa fall \u00e4r fysioterapeuten anst\u00e4lld direkt av Arthro Therapeutics. Det \u00e4r alltid den fysioterapeut som du har kontakt med, alternativt dess arbetsgivare som \u00e4r ansvarig v\u00e5rdgivare och det \u00e4r alltid den ansvarige v\u00e5rdgivaren som \u00e4r personuppgiftsansvarig f\u00f6r uppgifter som samlas in inom ramen f\u00f6r v\u00e5rdkontakten. Om ortopeden eller fysioterapeuten \u00e4r anst\u00e4lld av Arthro Therapeutics \u00e4r Arthro Therapeutics ansvarig v\u00e5rdgivare. F\u00f6r mer information om v\u00e5rdgivarens behandling av dina personuppgifter i fall d\u00e4r Arthro Therapeutics inte \u00e4r ansvarig v\u00e5rdgivare h\u00e4nvisar vi dig d\u00e4rf\u00f6r till v\u00e5rdgivarens personuppgiftspolicy.<\/p>\n<p>1.6 Har du genom ditt f\u00f6rs\u00e4kringsbolag blivit h\u00e4nvisad till en l\u00e4kare eller fysioterapeut som erbjuder v\u00e5rd genom Joint Academy \u00e4r ditt f\u00f6rs\u00e4kringsbolag personuppgiftsansvarig f\u00f6r den behandling av dina personuppgifter som sker i samband med f\u00f6rs\u00e4krings\u00e4rendet. F\u00f6r mer information om f\u00f6rs\u00e4kringsbolagets behandling av dina personuppgifter h\u00e4nvisar vi dig d\u00e4rf\u00f6r till ditt f\u00f6rs\u00e4kringsbolags personuppgiftspolicy.<\/p>\n<h3>2 Personuppgifter som behandlas<\/h3>\n<p><strong>1.2 Avseende anv\u00e4ndare d\u00e4r Arthro Therapeutics inte \u00e4r v\u00e5rdgivare<\/strong><\/p>\n<p>2.1.1 Personuppgifter avser uppgifter som kan h\u00e4nf\u00f6ras till dig. Vi kan komma att hantera f\u00f6ljande personuppgifter som kan h\u00e4nf\u00f6ras till dig som anv\u00e4ndare av Joint Academy (n\u00e4r Arthro Therapeutics inte \u00e4r ansvarig v\u00e5rdgivare):<\/p>\n<p>(a) kontaktuppgifter (namn, e-mailadress, adress och telefonnummer);<\/p>\n<p>(b) uppgifter om din h\u00e4lsa f\u00f6r forsknings\u00e4ndam\u00e5l;<\/p>\n<p>(c) cookies;<\/p>\n<p>(d) IP-adress; och<\/p>\n<p>(e) token f\u00f6r autentisering.<\/p>\n<p>2.1.2 Notera att ditt tillhandah\u00e5llande av dina personuppgifter \u00e4r en f\u00f6ruts\u00e4ttning f\u00f6r att ing\u00e5 avtal med oss om tj\u00e4nsten Joint Academy.<\/p>\n<p><strong>2.2 Avseende anv\u00e4ndare d\u00e4r Arthro Therapeutics \u00e4r v\u00e5rdgivare<\/strong><\/p>\n<p>2.2.1 Ut\u00f6ver uppgifterna ovan, kan vi komma att hantera f\u00f6ljande personuppgifter som kan h\u00e4nf\u00f6ras till dig som anv\u00e4ndare av Joint Academy, d\u00e5 Arthro Therapeutics \u00e4r ansvarig v\u00e5rdgivare:<\/p>\n<p>(a) <span style=\"font-weight: 400;\">uppgifter om din<\/span><span style=\"font-weight: 400;\">a personuppgifter och<\/span><span style=\"font-weight: 400;\"> h\u00e4lsa f\u00f6r behandlings\u00e4ndam\u00e5l; och<\/span><\/p>\n<p>(b) uppgifter fr\u00e5n Statens Personadressregister; hemadress, kommun samt region.<\/p>\n<p><strong>2.3 Avseende anv\u00e4ndare som deltar i Joint Academy Groups<\/strong><\/p>\n<p>Du accepterar dessa villkor genom att ge ditt samtycke n\u00e4r det efterfr\u00e5gas, innan du g\u00e5r med i en grupp. Du kan n\u00e4r som helst l\u00e4mna gruppen. Vi forts\u00e4tter lagra din data n\u00e4r du l\u00e4mnar en grupp, men anonymiserar eller raderar den inom 90 dagar p\u00e5 beg\u00e4ran, eller n\u00e4r du avslutar ditt Joint Academy-konto.<\/p>\n<p>2.3.1 Personuppgifter som syftar till att verifiera dig som anv\u00e4ndare och s\u00e4kerst\u00e4lla tillg\u00e5ng till och tilldelning av en grupp:<br \/>\n(a) Kontaktuppgifter (namn och e-post).<\/p>\n<p>2.3.2 F\u00f6r att uppfylla alla gruppfunktioner, och kunna ta bort ol\u00e4mpligt inneh\u00e5ll*, kommer Joint Academy att ha tillg\u00e5ng till:<\/p>\n<p>(a) dina inl\u00e4gg, kommentarer, gillamarkeringar, och andra reaktioner,<\/p>\n<p>(b) dina aktiviteter,<\/p>\n<p>(c) din profilbild och presentationstext.<\/p>\n<p>*Exempel p\u00e5 ol\u00e4mpligt inneh\u00e5ll: Svordomar och obscena ord, hot eller kr\u00e4nkande kommentarer riktade mot andra gruppmedlemmar, marknadsf\u00f6ring av produkter eller tj\u00e4nster, att rekommendera skadliga behandlingar, eller annat som anses bryta mot Joint Academys <a href=\"https:\/\/www.jointacademy.com\/se\/sv\/villkor\/\">anv\u00e4ndarvillkor<\/a>.<\/p>\n<p>2.3.3 Dina gruppmedlemmar kommer att se f\u00f6ljande:<\/p>\n<p>(a) ditt f\u00f6rnamn,<\/p>\n<p>(b) din profilbild,<\/p>\n<p>(c) hur m\u00e5nga aktiviteter du har slutf\u00f6rt,<\/p>\n<p>(d) dina inl\u00e4gg, kommentarer, gillamarkeringar, och andra reaktioner.<\/p>\n<h3>3 \u00c4ndam\u00e5len med behandlingen och r\u00e4ttsliga grunder \u2013 anv\u00e4ndare<\/h3>\n<p>3.1 Vi behandlar dina kontaktuppgifter (punkt 2.1.1(a)) f\u00f6r att kunna sk\u00f6ta v\u00e5r kommunikation med dig som anv\u00e4ndare av Joint Academy.<\/p>\n<p>3.2 Vi behandlar dina kontaktuppgifter (punkt 2.1.1(a)) och uppgifter om din h\u00e4lsa f\u00f6r forsknings\u00e4ndam\u00e5l (punkt 2.1.1(b)) f\u00f6r att, genom analys av resultat och beteende, kunna bedriva forskning kring hur behandlingen kan f\u00f6rb\u00e4ttras och effektiviseras ytterligare.<\/p>\n<p>3.3 Vi behandlar cookies och din IP-adress (punkt 2.1.1(c) &#8211; 2.1.1(d)) f\u00f6r att utveckla Joint Academy och f\u00f6rb\u00e4ttra anv\u00e4ndarupplevelsen.<\/p>\n<p>3.4 Vi behandlar din token f\u00f6r autentisering (punkt 2.1.1(e)) f\u00f6r att kunna s\u00e4kerst\u00e4lla att endast beh\u00f6riga anv\u00e4ndare kan logga in p\u00e5 Joint Academy.<\/p>\n<p>3.5 Eftersom Joint Academy \u00e4r en v\u00e5rdtj\u00e4nst g\u00e5r samtliga personuppgifter listade i punkt 2.1.1 att h\u00e4rleda till din h\u00e4lsa. Detta g\u00f6r att dessa personuppgifter ses som k\u00e4nsliga och behandlas d\u00e4rf\u00f6r endast p\u00e5 basis av ditt f\u00f6reg\u00e5ende samtycke.<\/p>\n<p>3.6 Vissa uppgifter om din h\u00e4lsa f\u00f6r behandlings\u00e4ndam\u00e5l (punkt 2.2.1(a)) m\u00e5ste dock behandlas f\u00f6r att fullg\u00f6ra v\u00e5rt v\u00e5rdgivaransvar. Vi kommer att be om ditt samtycke innan s\u00e5dana uppgifter behandlas, men \u00e5terkallelsen av ditt samtycke p\u00e5verkar inte v\u00e5r r\u00e4tt att behandla vissa s\u00e5dana personuppgifter som vi \u00e4r skyldiga att behandla enligt till\u00e4mpliga lagar, exempelvis journaldata.<\/p>\n<p>3.7 Vi behandlar uppgifter fr\u00e5n Statens Personadressregister (punkt 2.2.1(b)) f\u00f6r att verifiera och kontrollera personuppgifter, vilket \u00e4r ett krav f\u00f6r att erh\u00e5lla ers\u00e4ttning fr\u00e5n landstingen.<\/p>\n<p>3.8 Du har r\u00e4tt att n\u00e4r som helst \u00e5terkalla ditt samtycke till v\u00e5r behandling av dina personuppgifter. Du kan \u00e5terkalla ditt samtycke endast i f\u00f6rh\u00e5llande till en viss del av v\u00e5r behandling, exempelvis den behandling som sker f\u00f6r forskning. Notera dock att ditt samtycke till \u00e4ndam\u00e5len i punkt 3.1 och 3.4 \u00e4r en f\u00f6ruts\u00e4ttning f\u00f6r att vi ska kunna erbjuda dig tj\u00e4nsten Joint Academy.<\/p>\n<p>3.9 Vi behandlar uppgifter f\u00f6r Joint Academy gruppfunktionalitet (2.3) f\u00f6r att kunna verifiera dig som anv\u00e4ndare, s\u00e4kerst\u00e4lla tillg\u00e5ng och tilldelning av en grupp. Uppgifter beh\u00f6vs \u00e4ven f\u00f6r att tillhandah\u00e5lla en offentlig profil, m\u00f6jligg\u00f6ra aktivitets- och gruppm\u00e5l samt inl\u00e4gg- och gillamarkeringar.<\/p>\n<h3>4 Personuppgifter som behandlas \u2013 webbplatsbes\u00f6kare<\/h3>\n<p>4.1 Vi kan komma att hantera f\u00f6ljande personuppgifter som kan h\u00e4nf\u00f6ras till dig som bes\u00f6kare av Webbplatsen:<\/p>\n<p>(a) cookies;<\/p>\n<p>(b) namn;<\/p>\n<p>(c) f\u00f6retag;<\/p>\n<p>(d) e-mailadress;<\/p>\n<p>(e) telefonnummer; och<\/p>\n<p>(f) IP-adress.<\/p>\n<p>4.2 Notera att uppgifterna punkt 4.1(b) &#8211; 4.1(f) ovan endast behandlas i f\u00f6rh\u00e5llande till s\u00e5dana bes\u00f6kare av Webbplatsen som p\u00e5 Webbplatsen registrerar sig f\u00f6r mer information.<\/p>\n<h3>5 \u00c4ndam\u00e5len med behandlingen och r\u00e4ttsliga grunder \u2013 webbplatsbes\u00f6kare<\/h3>\n<p>5.1 Vi behandlar uppgifter om cookies (punkt 4.1(a)) f\u00f6r att kunna utveckla och f\u00f6rb\u00e4ttra Webbplatsen och anv\u00e4ndarupplevelsen.<\/p>\n<p>5.2 Vi behandlar uppgifterna i punkt 4.1(b) &#8211; 4.1(f) f\u00f6r att kunna utveckla v\u00e5ra tj\u00e4nster och Webbplatsen, och f\u00f6r att marknadsf\u00f6ra v\u00e5ra tj\u00e4nster till dig.<\/p>\n<p>5.3 Vi behandlar dina personuppgifter listade i punkt 4.1 p\u00e5 basis av ditt f\u00f6reg\u00e5ende samtycke.<\/p>\n<p>5.4 Du har r\u00e4tt att n\u00e4r som helst \u00e5terkalla ditt samtycke till v\u00e5r behandling av dina personuppgifter. Du kan \u00e5terkalla ditt samtycke endast i f\u00f6rh\u00e5llande till en viss del av v\u00e5r behandling, exempelvis den behandling som sker f\u00f6r marknadsf\u00f6ring.<\/p>\n<h3>6 Lagring av personuppgifter<\/h3>\n<p>6.1 Vi lagrar dina personuppgifter s\u00e5 l\u00e4nge som det \u00e4r n\u00f6dv\u00e4ndigt f\u00f6r att uppfylla \u00e4ndam\u00e5let med behandlingen.<\/p>\n<p>6.2 Upph\u00f6r du att vara anv\u00e4ndare av Joint Academy kommer vi att gallra personuppgifterna i punkt 2.1.1(a) &#8211; 2.1.1(e) inom tre m\u00e5nader fr\u00e5n att du upph\u00f6rt vara anv\u00e4ndare. Vi kan dock komma att behandla dina kontaktuppgifter (punkt 2.1.1(a)) och uppgifter om din h\u00e4lsa (punkt 2.1.1(b)) under den tid som den forskning vi bedriver p\u00e5g\u00e5r.<\/p>\n<p>6.3 Vi bevarar dina h\u00e4lsouppgifter f\u00f6r behandlings\u00e4ndam\u00e5l (punkt 2.2.1(a)) under tio \u00e5r eller l\u00e4ngre f\u00f6r det fall regeringen eller den myndighet som regeringen best\u00e4mmer meddelar f\u00f6reskrifter att vissa s\u00e5dana uppgifter ska bevaras under l\u00e4ngre tid.<\/p>\n<p>6.4 Vi bevarar dina uppgifter i punkt 2.2.1(b) s\u00e5 l\u00e4nge det kr\u00e4vs f\u00f6r landstinget att verifiera dina personuppgifter.<\/p>\n<p>6.5 Cookies (punkt 2.1.1(c) och 4.1(a)) raderas h\u00f6gst ett \u00e5r efter det att cookien skapats.<\/p>\n<p>6.6 Vi bevarar uppgifter om bes\u00f6kare som registrerat sig f\u00f6r mer information (punkt 4.1(b) &#8211; 4.1(f)) i h\u00f6gst tv\u00e5 \u00e5r efter det att registrering gjorts.<\/p>\n<p>6.7 \u00c5terkallar du ditt samtycke till viss behandling som grundar sig p\u00e5 samtycke, \u00e4r dina personuppgifter inte l\u00e4ngre n\u00f6dv\u00e4ndiga f\u00f6r att uppfylla \u00e4ndam\u00e5let med behandlingen, eller \u00e4r behandlingen av annan anledning inte l\u00e4ngre till\u00e5ten, s\u00e5 anonymiseras eller raderas uppgifterna.<\/p>\n<h3>7 Cookies<\/h3>\n<p>7.1 Webbplatsen anv\u00e4nder cookies. Cookies \u00e4r sm\u00e5 textfiler som lagras p\u00e5 v\u00e5ra bes\u00f6kares dator och som \u00e4r m\u00f6jliga att anv\u00e4nda f\u00f6r att f\u00f6lja vad en bes\u00f6kare g\u00f6r p\u00e5 Webbplatsen.<\/p>\n<p>7.2 Vi anv\u00e4nder oss av s\u00e5 kallade tracking cookies, vilka har till syfte att dela information mellan webbplatser f\u00f6r att samla information och ge dig specialanpassad information och marknadsf\u00f6ring. Se vilka vi delar dina cookies med i punkt 8.3 nedan.<\/p>\n<p>7.3 Vi anv\u00e4nder cookies endast om du givit ditt samtycke till det. Om du inte accepterar att cookies anv\u00e4nds kan du st\u00e4nga av cookies i din webbl\u00e4sares s\u00e4kerhetsinst\u00e4llningar. Du kan \u00e4ven st\u00e4lla in webbl\u00e4saren s\u00e5 att du f\u00e5r en fr\u00e5ga varje g\u00e5ng Webbplatsen f\u00f6rs\u00f6ker placera en cookie p\u00e5 din dator. Genom webbl\u00e4saren kan ocks\u00e5 tidigare lagrade cookies raderas. Se webbl\u00e4sarens hj\u00e4lpsidor f\u00f6r mer information. Vidare kan du n\u00e4r som helst radera cookies manuellt fr\u00e5n din h\u00e5rddisk.<\/p>\n<p>7.4 Observera att om du v\u00e4ljer att inte acceptera cookies kan funktionaliteten komma att begr\u00e4nsas p\u00e5 vissa webbsidor.<\/p>\n<h3>8 Mottagare<\/h3>\n<p>8.1 Vi kan komma att l\u00e4mna ut dina personuppgifter till v\u00e5ra personuppgiftsbitr\u00e4den, t.ex. bolag som arbetar med IT- och molntj\u00e4nster eller tj\u00e4nster f\u00f6r betalningsadministration.\u00a0 Vi kan \u00e4ven komma att dela dina uppgifter med den v\u00e5rdgivare som erbjuder dig v\u00e5rd genom Joint Academy eller det f\u00f6rs\u00e4kringsbolag som h\u00e4nvisat dig till oss.<\/p>\n<p>8.2 Vid misst\u00e4nkt brott mot lag eller v\u00e5ra allm\u00e4nna villkor kan vi komma att l\u00e4mna ut dina personuppgifter till r\u00e4ttsv\u00e5rdande myndigheter, samt till v\u00e5ra juridiska r\u00e5dgivare.<\/p>\n<p>8.3 F\u00f6rutsatt att du givit ditt samtycke till anv\u00e4ndningen av cookies kommer vi \u00e4ven att dela uppgifter om cookies med Facebook och Google f\u00f6r beteendeanalys och riktad marknadsf\u00f6ring.<\/p>\n<h3>9 Dina r\u00e4ttigheter<\/h3>\n<p>9.1 Du har r\u00e4tt att f\u00e5 bekr\u00e4ftelse p\u00e5 om vi behandlar personuppgifter som r\u00f6r dig, och i s\u00e5 fall f\u00e5 tillg\u00e5ng till dessa personuppgifter och \u00e4ven information kring personuppgifterna och v\u00e5r hantering av dem.<\/p>\n<p>9.2 Du har r\u00e4tt att f\u00e5 felaktiga personuppgifter som r\u00f6r dig r\u00e4ttade av oss utan on\u00f6digt dr\u00f6jsm\u00e5l. Du har \u00e4ven med beaktande av \u00e4ndam\u00e5let med behandlingen r\u00e4tt att i vissa fall komplettera ofullst\u00e4ndiga personuppgifter.<\/p>\n<p>9.3 Du har r\u00e4tt att n\u00e4r som helst \u00e5terkalla ditt samtycke till v\u00e5r behandling av dina personuppgifter. Notera dock att detta p\u00e5verkar m\u00f6jligheten f\u00f6r oss att erbjuda dig v\u00e5r tj\u00e4nst Joint Academy.<\/p>\n<p>9.4 Du har r\u00e4tt att inv\u00e4nda mot v\u00e5r behandling av dina personuppgifter som sker f\u00f6r direktmarknadsf\u00f6ring. G\u00f6r du en s\u00e5dan inv\u00e4ndning kommer vi inte l\u00e4ngre att behandla dina personuppgifter f\u00f6r det \u00e4ndam\u00e5let.<\/p>\n<p>9.5 Du har r\u00e4tt att under vissa omst\u00e4ndigheter f\u00e5 dina personuppgifter raderade av oss, t.ex. om personuppgifterna inte l\u00e4ngre \u00e4r n\u00f6dv\u00e4ndiga f\u00f6r att uppfylla de \u00e4ndam\u00e5l f\u00f6r vilka de samlades in, eller om personuppgifterna behandlats p\u00e5 ett olagligt s\u00e4tt.<\/p>\n<p>9.6 Du har r\u00e4tt att kr\u00e4va att vi begr\u00e4nsar behandlingen av dina personuppgifter i vissa fall. Om du t.ex. bestrider personuppgifternas korrekhet kan du kr\u00e4va att vi begr\u00e4nsar behandlingen av dem under den tid det tar f\u00f6r oss att kontrollera om uppgifterna \u00e4r korrekta.<\/p>\n<p>9.7 Du har r\u00e4tt att f\u00e5 ut de personuppgifter som du l\u00e4mnat till oss och som r\u00f6r dig i ett elektroniskt format som \u00e4r allm\u00e4nt anv\u00e4nt. Du har r\u00e4tt att \u00f6verf\u00f6ra s\u00e5dana uppgifter till en annan personuppgiftsansvarig (dataportabilitet).<\/p>\n<p>9.8 Om du har synpunkter p\u00e5 v\u00e5r behandling av dina personuppgifter \u00e4r du v\u00e4lkommen att kontakta oss. Du har ocks\u00e5 r\u00e4tt att l\u00e4mna in klagom\u00e5l p\u00e5 behandlingen av dina personuppgifter till Datainspektionen.<\/p>\n<h3>10 Till\u00e4gg och \u00e4ndringar<\/h3>\n<p>Vi kan komma att g\u00f6ra uppdateringar eller \u00e4ndringar av denna personuppgiftspolicy. Om vi g\u00f6r det kommer vi att meddela dig p\u00e5 l\u00e4mpligt s\u00e4tt, exempelvis via e-mail. Om s\u00e5 sker s\u00e5 ber vi dig att noggrant l\u00e4sa igenom den uppdaterade personuppgiftspolicyn.<\/p>\n<h3>11 Kontakta oss<\/h3>\n<p>F\u00f6r att uppdatera, r\u00e4tta eller radera uppgifter vi har om dig eller nyttja r\u00e4ttigheter som tillkommer dig enligt ovan, \u00e4r du v\u00e4lkommen att kontakta oss p\u00e5 <a href=\"mailto:info@jointacademy.se\"><span style=\"font-weight: 400;\">info@jointacademy.se<\/span><\/a>.<\/p>\n<p>__________________________<\/p>\n<p>[Denna personuppgiftspolicy g\u00e4ller fr\u00e5n och med den 27 september 2022]<\/p>\n<p>&nbsp;<\/p>\n\n        \n        \n            <\/div>\n\n        \n            <\/div>\n\n    \n    \n                <\/section>\n","protected":false},"excerpt":{"rendered":"","protected":false},"author":2,"featured_media":0,"parent":0,"menu_order":0,"comment_status":"closed","ping_status":"closed","template":"","meta":{"footnotes":""},"class_list":["post-23","page","type-page","status-publish","hentry"],"yoast_head":"<!-- This site is optimized with the Yoast SEO Premium plugin v21.7 (Yoast SEO v21.7) - https:\/\/yoast.com\/wordpress\/plugins\/seo\/ -->\n<title>Personuppgiftspolicy | Joint Academy<\/title>\n<meta name=\"robots\" content=\"noindex, nofollow\" \/>\n<meta property=\"og:locale\" content=\"sv_SE\" \/>\n<meta property=\"og:type\" content=\"article\" \/>\n<meta property=\"og:title\" content=\"Personuppgiftspolicy\" \/>\n<meta property=\"og:url\" content=\"https:\/\/www.jointacademy.com\/se\/sv\/policy\/\" \/>\n<meta property=\"og:site_name\" content=\"Joint Academy SE\" \/>\n<meta property=\"article:publisher\" content=\"https:\/\/www.facebook.com\/JointAcademy\/\" \/>\n<meta property=\"article:modified_time\" content=\"2025-04-15T10:24:17+00:00\" \/>\n<meta property=\"og:image\" content=\"https:\/\/www.jointacademy.com\/se\/wp-content\/uploads\/sites\/4\/2022\/09\/ja-generic-og-image.jpg\" \/>\n\t<meta property=\"og:image:width\" content=\"1200\" \/>\n\t<meta property=\"og:image:height\" content=\"630\" \/>\n\t<meta property=\"og:image:type\" content=\"image\/jpeg\" \/>\n<meta name=\"twitter:card\" content=\"summary_large_image\" \/>\n<meta name=\"twitter:label1\" content=\"Ber\u00e4knad l\u00e4stid\" \/>\n\t<meta name=\"twitter:data1\" content=\"11 minuter\" \/>\n<script type=\"application\/ld+json\" class=\"yoast-schema-graph\">{\"@context\":\"https:\/\/schema.org\",\"@graph\":[{\"@type\":\"WebPage\",\"@id\":\"https:\/\/www.jointacademy.com\/se\/sv\/policy\/\",\"url\":\"https:\/\/www.jointacademy.com\/se\/sv\/policy\/\",\"name\":\"Personuppgiftspolicy | Joint Academy\",\"isPartOf\":{\"@id\":\"https:\/\/www.jointacademy.com\/se\/sv\/#website\"},\"datePublished\":\"2019-06-09T08:27:39+00:00\",\"dateModified\":\"2025-04-15T10:24:17+00:00\",\"breadcrumb\":{\"@id\":\"https:\/\/www.jointacademy.com\/se\/sv\/policy\/#breadcrumb\"},\"inLanguage\":\"sv-SE\",\"potentialAction\":[{\"@type\":\"ReadAction\",\"target\":[\"https:\/\/www.jointacademy.com\/se\/sv\/policy\/\"]}]},{\"@type\":\"BreadcrumbList\",\"@id\":\"https:\/\/www.jointacademy.com\/se\/sv\/policy\/#breadcrumb\",\"itemListElement\":[{\"@type\":\"ListItem\",\"position\":1,\"name\":\"Hem\",\"item\":\"https:\/\/www.jointacademy.com\/se\/sv\/\"},{\"@type\":\"ListItem\",\"position\":2,\"name\":\"Personuppgiftspolicy\"}]},{\"@type\":\"WebSite\",\"@id\":\"https:\/\/www.jointacademy.com\/se\/sv\/#website\",\"url\":\"https:\/\/www.jointacademy.com\/se\/sv\/\",\"name\":\"Joint Academy SE\",\"description\":\"\",\"publisher\":{\"@id\":\"https:\/\/www.jointacademy.com\/se\/sv\/#organization\"},\"potentialAction\":[{\"@type\":\"SearchAction\",\"target\":{\"@type\":\"EntryPoint\",\"urlTemplate\":\"https:\/\/www.jointacademy.com\/se\/sv\/?s={search_term_string}\"},\"query-input\":\"required name=search_term_string\"}],\"inLanguage\":\"sv-SE\"},{\"@type\":\"Organization\",\"@id\":\"https:\/\/www.jointacademy.com\/se\/sv\/#organization\",\"name\":\"Joint Academy\",\"url\":\"https:\/\/www.jointacademy.com\/se\/sv\/\",\"logo\":{\"@type\":\"ImageObject\",\"inLanguage\":\"sv-SE\",\"@id\":\"https:\/\/www.jointacademy.com\/se\/sv\/#\/schema\/logo\/image\/\",\"url\":\"https:\/\/www.jointacademy.com\/se\/wp-content\/uploads\/sites\/4\/2019\/06\/joint_academy_logo_color@2x.png\",\"contentUrl\":\"https:\/\/www.jointacademy.com\/se\/wp-content\/uploads\/sites\/4\/2019\/06\/joint_academy_logo_color@2x.png\",\"width\":404,\"height\":88,\"caption\":\"Joint Academy\"},\"image\":{\"@id\":\"https:\/\/www.jointacademy.com\/se\/sv\/#\/schema\/logo\/image\/\"},\"sameAs\":[\"https:\/\/www.facebook.com\/JointAcademy\/\"]}]}<\/script>\n<!-- \/ Yoast SEO Premium plugin. -->","yoast_head_json":{"title":"Personuppgiftspolicy | Joint Academy","robots":{"index":"noindex","follow":"nofollow"},"og_locale":"sv_SE","og_type":"article","og_title":"Personuppgiftspolicy","og_url":"https:\/\/www.jointacademy.com\/se\/sv\/policy\/","og_site_name":"Joint Academy SE","article_publisher":"https:\/\/www.facebook.com\/JointAcademy\/","article_modified_time":"2025-04-15T10:24:17+00:00","og_image":[{"width":1200,"height":630,"url":"https:\/\/www.jointacademy.com\/se\/wp-content\/uploads\/sites\/4\/2022\/09\/ja-generic-og-image.jpg","type":"image\/jpeg"}],"twitter_card":"summary_large_image","twitter_misc":{"Ber\u00e4knad l\u00e4stid":"11 minuter"},"schema":{"@context":"https:\/\/schema.org","@graph":[{"@type":"WebPage","@id":"https:\/\/www.jointacademy.com\/se\/sv\/policy\/","url":"https:\/\/www.jointacademy.com\/se\/sv\/policy\/","name":"Personuppgiftspolicy | Joint Academy","isPartOf":{"@id":"https:\/\/www.jointacademy.com\/se\/sv\/#website"},"datePublished":"2019-06-09T08:27:39+00:00","dateModified":"2025-04-15T10:24:17+00:00","breadcrumb":{"@id":"https:\/\/www.jointacademy.com\/se\/sv\/policy\/#breadcrumb"},"inLanguage":"sv-SE","potentialAction":[{"@type":"ReadAction","target":["https:\/\/www.jointacademy.com\/se\/sv\/policy\/"]}]},{"@type":"BreadcrumbList","@id":"https:\/\/www.jointacademy.com\/se\/sv\/policy\/#breadcrumb","itemListElement":[{"@type":"ListItem","position":1,"name":"Hem","item":"https:\/\/www.jointacademy.com\/se\/sv\/"},{"@type":"ListItem","position":2,"name":"Personuppgiftspolicy"}]},{"@type":"WebSite","@id":"https:\/\/www.jointacademy.com\/se\/sv\/#website","url":"https:\/\/www.jointacademy.com\/se\/sv\/","name":"Joint Academy SE","description":"","publisher":{"@id":"https:\/\/www.jointacademy.com\/se\/sv\/#organization"},"potentialAction":[{"@type":"SearchAction","target":{"@type":"EntryPoint","urlTemplate":"https:\/\/www.jointacademy.com\/se\/sv\/?s={search_term_string}"},"query-input":"required name=search_term_string"}],"inLanguage":"sv-SE"},{"@type":"Organization","@id":"https:\/\/www.jointacademy.com\/se\/sv\/#organization","name":"Joint Academy","url":"https:\/\/www.jointacademy.com\/se\/sv\/","logo":{"@type":"ImageObject","inLanguage":"sv-SE","@id":"https:\/\/www.jointacademy.com\/se\/sv\/#\/schema\/logo\/image\/","url":"https:\/\/www.jointacademy.com\/se\/wp-content\/uploads\/sites\/4\/2019\/06\/joint_academy_logo_color@2x.png","contentUrl":"https:\/\/www.jointacademy.com\/se\/wp-content\/uploads\/sites\/4\/2019\/06\/joint_academy_logo_color@2x.png","width":404,"height":88,"caption":"Joint Academy"},"image":{"@id":"https:\/\/www.jointacademy.com\/se\/sv\/#\/schema\/logo\/image\/"},"sameAs":["https:\/\/www.facebook.com\/JointAcademy\/"]}]}},"acf":[],"_links":{"self":[{"href":"https:\/\/www.jointacademy.com\/se\/wp-json\/wp\/v2\/pages\/23","targetHints":{"allow":["GET"]}}],"collection":[{"href":"https:\/\/www.jointacademy.com\/se\/wp-json\/wp\/v2\/pages"}],"about":[{"href":"https:\/\/www.jointacademy.com\/se\/wp-json\/wp\/v2\/types\/page"}],"author":[{"embeddable":true,"href":"https:\/\/www.jointacademy.com\/se\/wp-json\/wp\/v2\/users\/2"}],"replies":[{"embeddable":true,"href":"https:\/\/www.jointacademy.com\/se\/wp-json\/wp\/v2\/comments?post=23"}],"version-history":[{"count":0,"href":"https:\/\/www.jointacademy.com\/se\/wp-json\/wp\/v2\/pages\/23\/revisions"}],"wp:attachment":[{"href":"https:\/\/www.jointacademy.com\/se\/wp-json\/wp\/v2\/media?parent=23"}],"curies":[{"name":"wp","href":"https:\/\/api.w.org\/{rel}","templated":true}]}}