{"id":3434,"date":"2022-03-29T09:06:11","date_gmt":"2022-03-29T09:06:11","guid":{"rendered":"https:\/\/www.jointacademy.com\/se\/?page_id=3434"},"modified":"2022-07-27T09:52:56","modified_gmt":"2022-07-27T09:52:56","slug":"hoft-kna","status":"publish","type":"page","link":"https:\/\/www.jointacademy.com\/se\/sv\/forskningspolicy\/hoft-kna\/","title":{"rendered":"H\u00f6ft och kn\u00e4"},"content":{"rendered":"<!-- Section: Text -->\n<section class=\" section-base text\" id=\"\" data-theme=\"white\">\n    \n    <div class=\" container container--md margin-top--lg margin-bottom--lg \">\n        \n        \n            <div class=\"text--component \" style=\"\">\n        \n                    <h1>Forskningspolicy Digital behandling vid h\u00f6ft- och kn\u00e4artros<\/h1>\n<p>Vi vill fr\u00e5ga dig om du vill dela din data till forskning. I det h\u00e4r dokumentet f\u00e5r du information om projektet och om vad det inneb\u00e4r.<\/p>\n<p>Vad SAMTYCKE TILL FORSKNING inneb\u00e4r<\/p>\n<p>Arthro Therapeutics AB, som driver Joint Academy, bedriver l\u00f6pande forskning som kan bidra till att f\u00f6rb\u00e4ttra v\u00e5rden f\u00f6r andra med liknande h\u00e4lsotillst\u00e5nd i framtiden.<br \/>\nF\u00f6r att m\u00f6jligg\u00f6ra detta beh\u00f6ver Arthro Therapeutics AB kunna sammanst\u00e4lla personuppgifter fr\u00e5n h\u00e4lsoformul\u00e4ren f\u00f6r anv\u00e4ndning i forskningsstudier. Arthro Therapeutics AB \u00e4r personuppgiftsansvariga f\u00f6r s\u00e5dana personuppgifter. All \u00e5tkomst till h\u00e4lsodata av Arthro kommer ske i pseudonymiserad (kodad) form och i enlighet med lag (inklusive Lag (2003:460) om etikpr\u00f6vning av forskning som avser m\u00e4nniskor). F\u00f6r det fall andra forskande parter deltar i studien kommer \u00e4ven de endast f\u00e5 ta del av pseudonymiserad eller anonymiserad data, vilket inneb\u00e4r att de inte kommer ha n\u00e5gon m\u00f6jlighet att identifiera dig. Alla eventuella resultat kommer alltid publiceras i fullt anonymiserad form.<br \/>\nSamtycket till deltagande g\u00e4ller nedan beskrivna forskningsprojektet och ny etisk pr\u00f6vning kommer att ske om uppgifterna ska anv\u00e4ndas f\u00f6r annat \u00e4ndam\u00e5l.<br \/>\nDet \u00e4r helt frivilligt att dela dina uppgifter f\u00f6r detta syfte och du kan n\u00e4r som helst \u00e5terta ditt samtycke genom att kontakta oss p\u00e5 <a href=\"mailto:privacy@jointacademy.com\">privacy@jointacademy.com<\/a>.<\/p>\n<p>Mer information om dina uppgifter finns i nedan Informationsblad.<\/p>\n<h3>Informationsblad Forskningsprojekt \u201dDigital behandling som f\u00f6rsta insats vid artros &#8211; effekter \u00f6ver tid och skillnader i n\u00e5barhet j\u00e4mf\u00f6rt med sedvanlig behandling face-to-face.\u201d<\/h3>\n<table>\n<tbody>\n<tr>\n<td><b>Vad \u00e4r det f\u00f6r forskning och hur g\u00e5r det till?<\/b><\/td>\n<td><span style=\"font-weight: 400;\">Att dela sin pseudonymiserade (dvs kodade)\u201d data inneb\u00e4r inga extra moment eller skillnader f\u00f6r dig som patient d\u00e5 vi anv\u00e4nder de h\u00e4lsoformul\u00e4r du fyller i under din ordinarie behandling.<\/span><\/p>\n<p><span style=\"font-weight: 400;\">Syftet \u00e4r att kontinuerligt bedriva forskning inom omr\u00e5det h\u00f6ft- och kn\u00e4artros i syfte att f\u00f6rst\u00e5 besv\u00e4r och f\u00f6rb\u00e4ttra v\u00e5rden av dessa.\u00a0<\/span><\/p>\n<p><span style=\"font-weight: 400;\">Forskningsfr\u00e5gor som studeras \u00e4r:<\/span><\/p>\n<ul>\n<li style=\"font-weight: 400;\" aria-level=\"1\"><span style=\"font-weight: 400;\">Vilka \u00e4r behandlingseffekterna p\u00e5 faktorer s\u00e5 som sm\u00e4rta, fysisk funktion, livskvalitet, medicinering, arbetsf\u00f6rm\u00e5ga, \u00f6nskan att bli opererad mm hos deltagare i det digitala behandlingsprogrammet?<\/span><\/li>\n<li style=\"font-weight: 400;\" aria-level=\"1\"><span style=\"font-weight: 400;\">Hur stor f\u00f6r\u00e4ndring i symtom (s\u00e5 kallad kliniskt relevant f\u00f6r\u00e4ndring) kr\u00e4vs f\u00f6r att det ska upplevas som en f\u00f6rb\u00e4ttring och att patienterna ska anse sig n\u00f6jda med behandlingen?<\/span><\/li>\n<li style=\"font-weight: 400;\" aria-level=\"1\"><span style=\"font-weight: 400;\">Skiljer sig effekterna i h\u00e4lsoutfall \u00e5t beroende p\u00e5 faktorer s\u00e5 som \u00e5lder, k\u00f6n, utbildningsniv\u00e5, h\u00e4lsostatus vid behandlingsstart, f\u00f6ljsamhet till behandling och anv\u00e4ndandet av olika funktioner i appen (behandlarst\u00f6d, deltagande i social community mm)?<\/span><\/li>\n<li style=\"font-weight: 400;\" aria-level=\"1\"><span style=\"font-weight: 400;\">Skiljer sig n\u00e5barheten \u00e5t f\u00f6r digital artrosskola och traditionell artrosskola face-to-face n\u00e4r det g\u00e4ller boenderegion, tex stad respektive landsbygd?<\/span><\/li>\n<\/ul>\n<\/td>\n<\/tr>\n<tr>\n<td><b>Personuppgiftsansvarig<\/b><\/td>\n<td><span style=\"font-weight: 400;\">Arthro Therapeutics AB<br \/>\n<\/span><span style=\"font-weight: 400;\">Org. nr. 556941-9210<br \/>\n<\/span><span style=\"font-weight: 400;\">c\/o A Invest &amp; Consulting AB, V\u00e4stergatan 22 223 69 Lund, Sverige<\/span><span style=\"font-weight: 400;\">E-mail: <a href=\"mailto:support@jointacademy.com\">support@jointacademy.com<\/a>.<\/span><\/td>\n<\/tr>\n<tr>\n<td><b>Vad h\u00e4nder med mina uppgifter?<\/b><\/td>\n<td><span style=\"font-weight: 400;\">Dina svar och dina resultat kommer att behandlas s\u00e5 att obeh\u00f6riga inte kan ta del av dem. <\/span><span style=\"font-weight: 400;\">Ansvarig f\u00f6r dina personuppgifter \u00e4r <\/span><span style=\"font-weight: 400;\">Arthro Therapeutics AB.\u00a0<\/span><\/p>\n<p><span style=\"font-weight: 400;\">Enligt EU:s dataskyddsf\u00f6rordning har du r\u00e4tt att kostnadsfritt f\u00e5 ta del av de uppgifter om dig som hanteras, och vid behov f\u00e5 eventuella fel r\u00e4ttade. Du kan ocks\u00e5 beg\u00e4ra att uppgifter om dig raderas samt att behandlingen av dina personuppgifter begr\u00e4nsas. R\u00e4tten till radering och till begr\u00e4nsning av behandling av personuppgifter g\u00e4ller dock inte n\u00e4r uppgifterna \u00e4r n\u00f6dv\u00e4ndiga f\u00f6r den aktuella forskningen.\u00a0<\/span><\/p>\n<p><span style=\"font-weight: 400;\">Om du vill ta del av uppgifterna ska du kontakta huvudansvarig forskare Leif Dahlberg p\u00e5 <\/span><a href=\"mailto:leif@jointacademy.com\"><span style=\"font-weight: 400;\">leif@jointacademy.com<\/span><\/a><span style=\"font-weight: 400;\">.<\/span><\/p>\n<p><span style=\"font-weight: 400;\">Dataskyddsombud p\u00e5 <\/span><span style=\"font-weight: 400;\">Arthro Therapeutics AB<\/span><span style=\"font-weight: 400;\"> n\u00e5s via <\/span><a href=\"mailto:support@jointacademy.com\"><span style=\"font-weight: 400;\">support@jointacademy.com<\/span><\/a><span style=\"font-weight: 400;\">.\u00a0<\/span><\/p>\n<p><span style=\"font-weight: 400;\">Data p\u00e5 pseudonymiserad (kodad) niv\u00e5 kan komma att \u00f6verf\u00f6ras via s\u00e4ker dataserver till databasen OA Trial bank vid Erasmusuniversitetet i Nederl\u00e4nderna. <\/span><span style=\"font-weight: 400;\">\u00a0Att data \u00e4r kodad inneb\u00e4r att data inte kan h\u00e4rledas till dig som enskild person<\/span><span style=\"font-weight: 400;\">.<\/span><\/p>\n<p><span style=\"font-weight: 400;\">Databasen \u00e4r ett samarbetsprojekt mellan flera l\u00e4nder f\u00f6r att f\u00f6rb\u00e4ttra <\/span><span style=\"font-weight: 400;\">omh\u00e4ndertagandet vid artros. Mer information om projektet finns h\u00e4r: <\/span><span style=\"font-weight: 400;\"><a href=\"https:\/\/www.oatrialbank.com\/\">https:\/\/www.oatrialbank.com\/<\/a> och <a href=\"https:\/\/www.erasmusmc.nl\/en\/research\/projects\/oa-trial-bank\">https:\/\/www.erasmusmc.nl\/en\/research\/projects\/oa-trial-bank\u00a0<\/a><\/span><\/p>\n<p><span style=\"font-weight: 400;\">Om du \u00e4r missn\u00f6jd med hur dina personuppgifter behandlas har du r\u00e4tt att l\u00e4mna in klagom\u00e5l till Integritetsskyddsmyndigheten (fd Datainspektionen), som \u00e4r tillsynsmyndighet.<\/span><\/td>\n<\/tr>\n<tr>\n<td><b>Kategorier av personuppgifter<\/b><\/td>\n<td><span style=\"font-weight: 400;\">Svaren i de h\u00e4lsoformul\u00e4r som besvaras regelbundet under anv\u00e4ndandet av tj\u00e4nsten. Det vill s\u00e4ga fr\u00e5gor om sm\u00e4rta, funktion, h\u00e4lsostatus, fysisk aktivitet, livskvalitet, medicinering, utbildning, \u00e5lder\u00a0 mm<\/span><\/p>\n<p><span style=\"font-weight: 400;\">H\u00e4lsoformul\u00e4ren fylls i vid behandlingsstart och var tredje m\u00e5nad under behandlingen. De tar cirka 5-10 minuter att fylla i. Formul\u00e4ren ing\u00e5r som uppf\u00f6ljning av ordinarie behandling och att dela data till forskning inneb\u00e4r inga extra moment f\u00f6r dig som patient.\u00a0<\/span><\/td>\n<\/tr>\n<tr>\n<td><b>Vad h\u00e4nder med mina uppgifter?<\/b><\/td>\n<td><span style=\"font-weight: 400;\">Informationen kommer pseudonymiseras (kodas) och alla resultat kommer redovisas p\u00e5 gruppniv\u00e5, vilket inneb\u00e4r att de inte kan h\u00e4rledas till n\u00e5gon enskild person. Tillst\u00e5nd f\u00f6r alla forskningsprojekt s\u00f6ks kontinuerligt fr\u00e5n Etikpr\u00f6vningsmyndigheten.<\/span><\/td>\n<\/tr>\n<tr>\n<td><b>Laglig grund f\u00f6r behandlingen<\/b><\/td>\n<td><span style=\"font-weight: 400;\">Ditt samtycke.<\/span><\/td>\n<\/tr>\n<tr>\n<td><b>Kategorier av mottagare<\/b><\/td>\n<td><span style=\"font-weight: 400;\">Samarbetande forskare i eller utanf\u00f6r Sverige.\u00a0<\/span><\/td>\n<\/tr>\n<tr>\n<td><b>Lagringsperiod<\/b><\/td>\n<td><span style=\"font-weight: 400;\">Arthro kommer lagra uppgifterna under minst <\/span><span style=\"font-weight: 400;\">tio \u00e5r efter det att resultat har redovisats och publicerats, <\/span><span style=\"font-weight: 400;\">eller tills du \u00e5tertar ditt samtycke.<\/span><\/td>\n<\/tr>\n<tr>\n<td><b>Dina r\u00e4ttigheter<\/b><\/td>\n<td><span style=\"font-weight: 400;\">F\u00f6r fullst\u00e4ndig information om dina r\u00e4ttigheter i f\u00f6rh\u00e5llande till behandlingen, se v\u00e5r personuppgiftspolicy\u00a0p\u00e5<\/span><a href=\"https:\/\/www.jointacademy.com\/se\/sv\/policy\/\"> <span style=\"font-weight: 400;\">https:\/\/www.jointacademy.com\/se\/sv\/policy\/<\/span><\/a><span style=\"font-weight: 400;\">.<\/span><\/td>\n<\/tr>\n<tr>\n<td><b>Risker och f\u00f6rdelar<\/b><\/td>\n<td><span style=\"font-weight: 400;\">Med v\u00e5rt integritetsskydd och de rutiner vi har kring datahantering anser vi det inte finns n\u00e5gra risker med att delta i forskning vid Joint Academy. Deltagande f\u00f6r\u00e4ndrar inte den v\u00e5rd du f\u00e5r men uppgifterna bidrar till att v\u00e5rden kan bli b\u00e4ttre i framtiden.<\/span><\/td>\n<\/tr>\n<tr>\n<td><b>Information om forskningsresultat<\/b><\/td>\n<td><span style=\"font-weight: 400;\">Du hittar rapporter och forskningsresultat p\u00e5 Joint Academys hemsida <\/span><a href=\"http:\/\/www.jointacademy.com\"><span style=\"font-weight: 400;\">www.jointacademy.com<\/span><\/a><span style=\"font-weight: 400;\">. Om du vill ha ytterligare information s\u00e5 v\u00e4nd dig till ansvarig (se kontaktuppgifter nedan).<\/span><\/td>\n<\/tr>\n<tr>\n<td><b>Deltagandet \u00e4r frivilligt<\/b><\/td>\n<td><span style=\"font-weight: 400;\">Ditt deltagande \u00e4r frivilligt och du kan n\u00e4rsomhelst v\u00e4lja att avbryta. Om du v\u00e4ljer att inte delta eller att avbryta s\u00e5 beh\u00f6ver du inte uppge varf\u00f6r, och det kommer inte heller p\u00e5verka din framtida v\u00e5rd eller behandling.\u00a0<\/span><\/p>\n<p><span style=\"font-weight: 400;\">Om du vill dra tillbaka ditt samtycke ska du kontakta den ansvarige (se nedan).<\/span><\/td>\n<\/tr>\n<tr>\n<td><b>Ansvariga f\u00f6r studien<\/b><\/td>\n<td><span style=\"font-weight: 400;\">Ansvarig f\u00f6r forskning \u00e4r Leif Dahlberg, Professor, Medicinsk chef<br \/>\n<\/span><span style=\"font-weight: 400;\">Arthro Therapeutics AB<br \/>\n<\/span><span style=\"font-weight: 400;\">Stortorget 31<br \/>\n<\/span><span style=\"font-weight: 400;\">211 34 Malm\u00f6<br \/>\n<\/span><span style=\"font-weight: 400;\">Mail: <a href=\"mailto:leif@jointacademy.com\">leif@jointacademy.com<\/a><br \/>\n<\/span><span style=\"font-weight: 400;\">Tele: 040-6550292<\/span><\/td>\n<\/tr>\n<\/tbody>\n<\/table>\n\n        \n        \n            <\/div>\n\n        \n            <\/div>\n\n    \n    \n                <\/section>\n","protected":false},"excerpt":{"rendered":"","protected":false},"author":2,"featured_media":0,"parent":2783,"menu_order":0,"comment_status":"closed","ping_status":"closed","template":"","meta":{"footnotes":""},"class_list":["post-3434","page","type-page","status-publish","hentry"],"yoast_head":"<!-- This site is optimized with the Yoast SEO Premium plugin v21.7 (Yoast SEO v21.7) - https:\/\/yoast.com\/wordpress\/plugins\/seo\/ -->\n<title>H\u00f6ft och kn\u00e4 | Joint Academy<\/title>\n<meta name=\"robots\" content=\"index, follow, max-snippet:-1, max-image-preview:large, max-video-preview:-1\" \/>\n<link rel=\"canonical\" href=\"https:\/\/www.jointacademy.com\/se\/sv\/forskningspolicy\/hoft-kna\/\" \/>\n<meta property=\"og:locale\" content=\"sv_SE\" \/>\n<meta property=\"og:type\" content=\"article\" \/>\n<meta property=\"og:title\" content=\"H\u00f6ft och kn\u00e4\" \/>\n<meta property=\"og:url\" content=\"https:\/\/www.jointacademy.com\/se\/sv\/forskningspolicy\/hoft-kna\/\" \/>\n<meta property=\"og:site_name\" content=\"Joint Academy SE\" \/>\n<meta property=\"article:publisher\" content=\"https:\/\/www.facebook.com\/JointAcademy\/\" \/>\n<meta property=\"article:modified_time\" content=\"2022-07-27T09:52:56+00:00\" \/>\n<meta property=\"og:image\" content=\"https:\/\/www.jointacademy.com\/se\/wp-content\/uploads\/sites\/4\/2022\/09\/ja-generic-og-image.jpg\" \/>\n\t<meta property=\"og:image:width\" content=\"1200\" \/>\n\t<meta property=\"og:image:height\" content=\"630\" \/>\n\t<meta property=\"og:image:type\" content=\"image\/jpeg\" \/>\n<meta name=\"twitter:card\" content=\"summary_large_image\" \/>\n<script type=\"application\/ld+json\" class=\"yoast-schema-graph\">{\"@context\":\"https:\/\/schema.org\",\"@graph\":[{\"@type\":\"WebPage\",\"@id\":\"https:\/\/www.jointacademy.com\/se\/sv\/forskningspolicy\/hoft-kna\/\",\"url\":\"https:\/\/www.jointacademy.com\/se\/sv\/forskningspolicy\/hoft-kna\/\",\"name\":\"H\u00f6ft och kn\u00e4 | Joint Academy\",\"isPartOf\":{\"@id\":\"https:\/\/www.jointacademy.com\/se\/sv\/#website\"},\"datePublished\":\"2022-03-29T09:06:11+00:00\",\"dateModified\":\"2022-07-27T09:52:56+00:00\",\"breadcrumb\":{\"@id\":\"https:\/\/www.jointacademy.com\/se\/sv\/forskningspolicy\/hoft-kna\/#breadcrumb\"},\"inLanguage\":\"sv-SE\",\"potentialAction\":[{\"@type\":\"ReadAction\",\"target\":[\"https:\/\/www.jointacademy.com\/se\/sv\/forskningspolicy\/hoft-kna\/\"]}]},{\"@type\":\"BreadcrumbList\",\"@id\":\"https:\/\/www.jointacademy.com\/se\/sv\/forskningspolicy\/hoft-kna\/#breadcrumb\",\"itemListElement\":[{\"@type\":\"ListItem\",\"position\":1,\"name\":\"Hem\",\"item\":\"https:\/\/www.jointacademy.com\/se\/sv\/\"},{\"@type\":\"ListItem\",\"position\":2,\"name\":\"Forskningspolicyn &#8211; Research Policy\",\"item\":\"https:\/\/www.jointacademy.com\/se\/sv\/forskningspolicy\/\"},{\"@type\":\"ListItem\",\"position\":3,\"name\":\"H\u00f6ft och kn\u00e4\"}]},{\"@type\":\"WebSite\",\"@id\":\"https:\/\/www.jointacademy.com\/se\/sv\/#website\",\"url\":\"https:\/\/www.jointacademy.com\/se\/sv\/\",\"name\":\"Joint Academy SE\",\"description\":\"\",\"publisher\":{\"@id\":\"https:\/\/www.jointacademy.com\/se\/sv\/#organization\"},\"potentialAction\":[{\"@type\":\"SearchAction\",\"target\":{\"@type\":\"EntryPoint\",\"urlTemplate\":\"https:\/\/www.jointacademy.com\/se\/sv\/?s={search_term_string}\"},\"query-input\":\"required name=search_term_string\"}],\"inLanguage\":\"sv-SE\"},{\"@type\":\"Organization\",\"@id\":\"https:\/\/www.jointacademy.com\/se\/sv\/#organization\",\"name\":\"Joint Academy\",\"url\":\"https:\/\/www.jointacademy.com\/se\/sv\/\",\"logo\":{\"@type\":\"ImageObject\",\"inLanguage\":\"sv-SE\",\"@id\":\"https:\/\/www.jointacademy.com\/se\/sv\/#\/schema\/logo\/image\/\",\"url\":\"https:\/\/www.jointacademy.com\/se\/wp-content\/uploads\/sites\/4\/2019\/06\/joint_academy_logo_color@2x.png\",\"contentUrl\":\"https:\/\/www.jointacademy.com\/se\/wp-content\/uploads\/sites\/4\/2019\/06\/joint_academy_logo_color@2x.png\",\"width\":404,\"height\":88,\"caption\":\"Joint Academy\"},\"image\":{\"@id\":\"https:\/\/www.jointacademy.com\/se\/sv\/#\/schema\/logo\/image\/\"},\"sameAs\":[\"https:\/\/www.facebook.com\/JointAcademy\/\"]}]}<\/script>\n<!-- \/ Yoast SEO Premium plugin. -->","yoast_head_json":{"title":"H\u00f6ft och kn\u00e4 | Joint Academy","robots":{"index":"index","follow":"follow","max-snippet":"max-snippet:-1","max-image-preview":"max-image-preview:large","max-video-preview":"max-video-preview:-1"},"canonical":"https:\/\/www.jointacademy.com\/se\/sv\/forskningspolicy\/hoft-kna\/","og_locale":"sv_SE","og_type":"article","og_title":"H\u00f6ft och kn\u00e4","og_url":"https:\/\/www.jointacademy.com\/se\/sv\/forskningspolicy\/hoft-kna\/","og_site_name":"Joint Academy SE","article_publisher":"https:\/\/www.facebook.com\/JointAcademy\/","article_modified_time":"2022-07-27T09:52:56+00:00","og_image":[{"width":1200,"height":630,"url":"https:\/\/www.jointacademy.com\/se\/wp-content\/uploads\/sites\/4\/2022\/09\/ja-generic-og-image.jpg","type":"image\/jpeg"}],"twitter_card":"summary_large_image","schema":{"@context":"https:\/\/schema.org","@graph":[{"@type":"WebPage","@id":"https:\/\/www.jointacademy.com\/se\/sv\/forskningspolicy\/hoft-kna\/","url":"https:\/\/www.jointacademy.com\/se\/sv\/forskningspolicy\/hoft-kna\/","name":"H\u00f6ft och kn\u00e4 | Joint Academy","isPartOf":{"@id":"https:\/\/www.jointacademy.com\/se\/sv\/#website"},"datePublished":"2022-03-29T09:06:11+00:00","dateModified":"2022-07-27T09:52:56+00:00","breadcrumb":{"@id":"https:\/\/www.jointacademy.com\/se\/sv\/forskningspolicy\/hoft-kna\/#breadcrumb"},"inLanguage":"sv-SE","potentialAction":[{"@type":"ReadAction","target":["https:\/\/www.jointacademy.com\/se\/sv\/forskningspolicy\/hoft-kna\/"]}]},{"@type":"BreadcrumbList","@id":"https:\/\/www.jointacademy.com\/se\/sv\/forskningspolicy\/hoft-kna\/#breadcrumb","itemListElement":[{"@type":"ListItem","position":1,"name":"Hem","item":"https:\/\/www.jointacademy.com\/se\/sv\/"},{"@type":"ListItem","position":2,"name":"Forskningspolicyn &#8211; Research Policy","item":"https:\/\/www.jointacademy.com\/se\/sv\/forskningspolicy\/"},{"@type":"ListItem","position":3,"name":"H\u00f6ft och kn\u00e4"}]},{"@type":"WebSite","@id":"https:\/\/www.jointacademy.com\/se\/sv\/#website","url":"https:\/\/www.jointacademy.com\/se\/sv\/","name":"Joint Academy SE","description":"","publisher":{"@id":"https:\/\/www.jointacademy.com\/se\/sv\/#organization"},"potentialAction":[{"@type":"SearchAction","target":{"@type":"EntryPoint","urlTemplate":"https:\/\/www.jointacademy.com\/se\/sv\/?s={search_term_string}"},"query-input":"required name=search_term_string"}],"inLanguage":"sv-SE"},{"@type":"Organization","@id":"https:\/\/www.jointacademy.com\/se\/sv\/#organization","name":"Joint Academy","url":"https:\/\/www.jointacademy.com\/se\/sv\/","logo":{"@type":"ImageObject","inLanguage":"sv-SE","@id":"https:\/\/www.jointacademy.com\/se\/sv\/#\/schema\/logo\/image\/","url":"https:\/\/www.jointacademy.com\/se\/wp-content\/uploads\/sites\/4\/2019\/06\/joint_academy_logo_color@2x.png","contentUrl":"https:\/\/www.jointacademy.com\/se\/wp-content\/uploads\/sites\/4\/2019\/06\/joint_academy_logo_color@2x.png","width":404,"height":88,"caption":"Joint Academy"},"image":{"@id":"https:\/\/www.jointacademy.com\/se\/sv\/#\/schema\/logo\/image\/"},"sameAs":["https:\/\/www.facebook.com\/JointAcademy\/"]}]}},"acf":[],"_links":{"self":[{"href":"https:\/\/www.jointacademy.com\/se\/wp-json\/wp\/v2\/pages\/3434","targetHints":{"allow":["GET"]}}],"collection":[{"href":"https:\/\/www.jointacademy.com\/se\/wp-json\/wp\/v2\/pages"}],"about":[{"href":"https:\/\/www.jointacademy.com\/se\/wp-json\/wp\/v2\/types\/page"}],"author":[{"embeddable":true,"href":"https:\/\/www.jointacademy.com\/se\/wp-json\/wp\/v2\/users\/2"}],"replies":[{"embeddable":true,"href":"https:\/\/www.jointacademy.com\/se\/wp-json\/wp\/v2\/comments?post=3434"}],"version-history":[{"count":0,"href":"https:\/\/www.jointacademy.com\/se\/wp-json\/wp\/v2\/pages\/3434\/revisions"}],"up":[{"embeddable":true,"href":"https:\/\/www.jointacademy.com\/se\/wp-json\/wp\/v2\/pages\/2783"}],"wp:attachment":[{"href":"https:\/\/www.jointacademy.com\/se\/wp-json\/wp\/v2\/media?parent=3434"}],"curies":[{"name":"wp","href":"https:\/\/api.w.org\/{rel}","templated":true}]}}