{"id":3839,"date":"2022-05-09T12:47:42","date_gmt":"2022-05-09T12:47:42","guid":{"rendered":"https:\/\/www.jointacademy.com\/se\/?page_id=3839"},"modified":"2025-03-04T10:14:20","modified_gmt":"2025-03-04T10:14:20","slug":"varfor","status":"publish","type":"page","link":"https:\/\/www.jointacademy.com\/se\/sv\/varfor\/","title":{"rendered":"Varf\u00f6r Joint Academy"},"content":{"rendered":"<!-- Section: Hero blob -->\n<section class=\"section section-base hero-blob\" id=\"\" data-theme=\"B10\">\n    \n    <div class=\" container container--lg margin-top--md margin-bottom--lg \">\n        \n        \n            <div class=\"hero-blob__row\">\n        <div class=\"hero-blob__text-col\">\n            <div class=\"hero-blob__text-wrapper text--component\">\n                <div class=\"margin-bottom--16\"><h1>S\u00e5 bidrar Joint Academy till ett <span class=\"color--electric-blue\">friskare Sverige<\/span><\/h1>\n<\/div>\n\n                                    <div class=\"hero-blob__text\">\n                        Joint Academy \u00e4r Sveriges st\u00f6rsta v\u00e5rdgivare f\u00f6r behandling av l\u00e5ngvarig ledsm\u00e4rta. Nedan listas n\u00e5gra anledningar till varf\u00f6r Joint Academy \u00e4r ett bra behandlingsval f\u00f6r patienter, men ocks\u00e5 f\u00f6r skattebetalare och regioner.\n                    <\/div>\n                \n                \n                \n                    <a\n        href=\"https:\/\/www.jointacademy.com\/se\/sv\/kontakt\/\"\n        class=\"margin-top--32 btn btn--lg btn--primary  btn--primary\"\n        data-goal=\"\"\n            >\n        Kontakta oss\n    <\/a>\n\n                            <\/div>\n        <\/div>\n        <div class=\"hero-blob__image-col\">\n            <div class=\"hero-blob__image-wrapper\">\n                <img fetchpriority=\"high\" decoding=\"async\" width=\"1200\" height=\"800\" src=\"https:\/\/www.jointacademy.com\/se\/wp-content\/uploads\/sites\/4\/2025\/03\/man-with-phone-kitchen-graphics-se.jpg\" class=\"attachment-full size-full\" alt=\"\" loading=\"eager\" srcset=\"https:\/\/www.jointacademy.com\/se\/wp-content\/uploads\/sites\/4\/2025\/03\/man-with-phone-kitchen-graphics-se.jpg 1200w, https:\/\/www.jointacademy.com\/se\/wp-content\/uploads\/sites\/4\/2025\/03\/man-with-phone-kitchen-graphics-se-1000x667.jpg 1000w, https:\/\/www.jointacademy.com\/se\/wp-content\/uploads\/sites\/4\/2025\/03\/man-with-phone-kitchen-graphics-se-500x333.jpg 500w, https:\/\/www.jointacademy.com\/se\/wp-content\/uploads\/sites\/4\/2025\/03\/man-with-phone-kitchen-graphics-se-768x512.jpg 768w\" sizes=\"(max-width: 1200px) 100vw, 1200px\" \/>\n            <\/div>\n        <\/div>\n    <\/div>\n\n    <div class=\"hero-blob__blob\">\n        <svg width=\"840\" height=\"508\" viewBox=\"0 0 840 508\" fill=\"none\" xmlns=\"http:\/\/www.w3.org\/2000\/svg\">\n            <path d=\"M20.9419 164.66C-67.2703 360.66 138.099 604.083 438.273 467.325C644.31 382.514 789.128 461.477 833.234 363.477C913.548 181.945 197.368 -227.343 20.9419 164.66Z\" fill=\"#307FE2\"\/>\n        <\/svg>\n    <\/div>\n\n        \n            <\/div>\n\n    \n    \n                <\/section>\n\n\n<!-- Section: Text -->\n<section class=\" section-base text\" id=\"\" data-theme=\"white\">\n    \n    <div class=\" container container--sm margin-top--lg margin-bottom--lg \">\n        \n        \n            <div class=\"text--component \" style=\"\">\n        \n                    <h3 style=\"text-align: left;\">1. Minst lika bra eller b\u00e4ttre medicinska resultat<\/h3>\n<p style=\"text-align: left;\">Flera vetenskapliga studier visar att Joint Academys behandling f\u00f6r l\u00e5ngvarig ledsm\u00e4rta genererar lika bra eller b\u00e4ttre medicinska utfall \u00e4n fysisk behandling, b\u00e5de vad g\u00e4ller patientens sm\u00e4rtniv\u00e5 och funktion. Detta beror sannolikt till stor del p\u00e5 att Joint Academys digitala hj\u00e4lpmedel uppmuntrar till en best\u00e5ende livsstilsf\u00f6r\u00e4ndring, bland annat genom personlig kontakt och dagliga p\u00e5minnelser (1)(2).<\/p>\n<h3 style=\"text-align: left;\">2. \u00d6kad tillg\u00e4nglighet f\u00f6r personer i glesbygd<\/h3>\n<p style=\"text-align: left;\">Dagens fysiska v\u00e5rd f\u00f6r l\u00e5ngvarig ledsm\u00e4rta n\u00e5r framf\u00f6rallt personer i t\u00e4torterna. Detta g\u00e4ller inte Joint Academy, som behandlar patienter i glesbygden lika frekvent som i storst\u00e4derna. Digitala behandlingar n\u00e5r patienter som bor i glesbebygda omr\u00e5den, l\u00e5ngt ifr\u00e5n fysioterapeuter eller v\u00e5rdcentraler. Med Joint Academy f\u00e5r patienter med l\u00e5ngvarig ledsm\u00e4rta i glesbygden tillg\u00e5ng till den v\u00e5rd de beh\u00f6ver och f\u00f6rtj\u00e4nar.<\/p>\n<h3 style=\"text-align: left;\">3. God och n\u00e4ra v\u00e5rd f\u00f6r n\u00e5gra av Sveriges sjukaste<\/h3>\n<p style=\"text-align: left;\">Joint Academy \u00f6kar tillg\u00e4ngligheten av v\u00e5rd f\u00f6r \u00e4ldre personer med en kronisk sjukdom. Medel\u00e5ldern p\u00e5 Joint Academys patienter \u00e4r 64 \u00e5r och mer \u00e4n 25% lever med minst tv\u00e5 kroniska sjukdomar. Joint Academy levererar allts\u00e5 en evidensbaserad behandling till tiotusentals \u00e4ldre och kroniskt sjuka m\u00e4nniskor varje dag \u2014 n\u00e5got ingen annan digital v\u00e5rdgivare i Sverige g\u00f6r.<\/p>\n<h3 style=\"text-align: left;\">4. Mer v\u00e5rd till de som faktiskt beh\u00f6ver det<\/h3>\n<p style=\"text-align: left;\">Siffror fr\u00e5n BOA visar att endast 20% av alla patienter som f\u00e5r diagnosen artros registreras i BOA-registret. Av dessa \u00e4r det enligt Socialstyrelsen cirka 26% som genomf\u00f6r de rekommenderade 10-12 tr\u00e4ningstillf\u00e4llena f\u00f6r att minska sin sm\u00e4rta (3). Det inneb\u00e4r att endast 5% av de med artros f\u00e5r den v\u00e5rd de har r\u00e4tt till. Joint Academys digitala behandling \u00f6kar tillg\u00e4ngligheten av v\u00e5rd s\u00e5 att fler kroniskt sjuka kan f\u00e5 den rekommenderade grundbehandlingen.<\/p>\n<h3 style=\"text-align: left;\">5. Grundat i vetenskap<\/h3>\n<p style=\"text-align: left;\">Joint Academy startades 2014 av Leif Dahlberg, senior professor i ortopedi, och hans son, Jakob Dahlberg, med m\u00e5let att f\u00f6rb\u00e4ttra v\u00e5rden f\u00f6r m\u00e4nniskor med artros. Sedan dess har flera vetenskapliga studier visat att Joint Academys behandling f\u00f6r l\u00e5ngvarig ledsm\u00e4rta genererar lika bra eller b\u00e4ttre medicinska utfall \u00e4n fysisk behandling, b\u00e5de vad g\u00e4ller patientens sm\u00e4rtniv\u00e5 och funktion (4)(5).<\/p>\n<h3 style=\"text-align: left;\">6. Billigare \u00e4n ett fysiskt bes\u00f6k<\/h3>\n<p style=\"text-align: left;\">Tidsbesparing och v\u00e5rdkostnad g\u00f6r att Joint Academys behandling kostar samh\u00e4llet 75% mindre \u00e4n artrosbehandling i den fysiska v\u00e5rden. Det visar en samh\u00e4llsekonomisk studie fr\u00e5n Lunds Universitet (6).<\/p>\n<h3 style=\"text-align: left;\">7. Mer v\u00e5rd f\u00f6r pengarna<\/h3>\n<p style=\"text-align: left;\"><span style=\"font-weight: 400;\">Bes\u00f6k med fysioterapeut<\/span> hos Joint Academy \u00e4r endast en liten del av hela behandlingen och utg\u00f6r cirka 3% av alla aktiviteter som patienterna utf\u00f6r i appen. Joint Academys behandlingar inkluderar \u00e4ven utbildning, filmer med \u00f6vningar som visar hur de ska utf\u00f6ras, dagliga p\u00e5minnelser samt digitala formul\u00e4r s\u00e5 att patienten och fysioterapeuten kan f\u00f6lja patientens utveckling och m\u00e5ende (7). Inget av detta f\u00e5r Joint Academy ers\u00e4ttning f\u00f6r.<\/p>\n<h3 style=\"text-align: left;\">8. Avlastar k\u00f6erna inom ortopedi<\/h3>\n<p style=\"text-align: left;\">Hundratals patienter i m\u00e5naden \u00e4ndrar sin inst\u00e4llning till \u00f6nskan om operation efter att ha p\u00e5b\u00f6rjat Joint Academys behandling. Av alla patienter som genomg\u00e5tt ett \u00e5rs behandling med Joint Academy svarar 18% f\u00e4rre \u201cja\u201d p\u00e5 \u00f6nskan om operation j\u00e4mf\u00f6rt med vid behandlingens start.<\/p>\n<h3 style=\"text-align: left;\">9. N\u00f6jda patienter<\/h3>\n<p style=\"text-align: left;\">Alla Joint Academys patienter blir under behandlingens g\u00e5ng tillfr\u00e5gade om de \u00e4r n\u00f6jda med behandlingen och med sin fysioterapeut. Hela 99,8% svarar \u201cja\u201d (8). Detta kan j\u00e4mf\u00f6ras med siffror fr\u00e5n V\u00e5rdf\u00f6rbundet som visat att endast 72% av svenska folket \u00e4r n\u00f6jda med v\u00e5rdens bem\u00f6tande \u00f6verlag (9).<\/p>\n<h3 style=\"text-align: left;\">10. B\u00e4ttre f\u00f6r milj\u00f6n<\/h3>\n<p style=\"text-align: left;\">CO2 avtrycket blir 0,014 ton mindre per patient som g\u00e5r Joint Academys behandling i 3 m\u00e5nader ist\u00e4llet f\u00f6r fysisk behandling. Detta inneb\u00e4r ett minskande av 358 ton CO2-utsl\u00e4pp per \u00e5r i Sverige (10). Det motsvarar CO2-utsl\u00e4pp fr\u00e5n cirka 70 hush\u00e5lls elanv\u00e4ndning under ett helt \u00e5r (11).<\/p>\n<h3 style=\"text-align: left;\">K\u00e4llor<\/h3>\n<ol>\n<li style=\"text-align: left;\"><span class=\"text--sm\">Gohir SA, Eek F, Kelly A, Abhishek A, Valdes AM. (2021). Effectiveness of Internet-Based Exercises Aimed at Treating Knee Osteoarthritis: The iBEAT-OA Randomized Clinical Trial.<\/span><\/li>\n<li style=\"text-align: left;\"><span class=\"text--sm\">Dahlberg, L. E., Dell&#8217;Isola, A., Lohmander, L. S., &amp; Nero, H. (2020). Improving osteoarthritis care by digital means &#8211; Effects of a digital self-management program after 24- or 48-weeks of treatment.\u00a0<i>PloS one<\/i>,\u00a0<i>15<\/i>(3), e0229783.<\/span><\/li>\n<li style=\"text-align: left;\"><span class=\"text--sm\"> Socialstyrelsens nationella riktlinjer f\u00f6r r\u00f6relseorganens sjukdomar 2021<\/span><\/li>\n<li style=\"text-align: left;\"><span class=\"text--sm\"> Gohir SA, Eek F, Kelly A, Abhishek A, Valdes AM. (2021). Effectiveness of Internet-Based Exercises Aimed at Treating Knee Osteoarthritis: The iBEAT-OA Randomized Clinical Trial.<\/span><\/li>\n<li style=\"text-align: left;\"><span class=\"text--sm\">Dahlberg, L. E., Dell&#8217;Isola, A., Lohmander, L. S., &amp; Nero, H. (2020). Improving osteoarthritis care by digital means &#8211; Effects of a digital self-management program after 24- or 48-weeks of treatment.\u00a0<i>PloS one<\/i>,\u00a0<i>15<\/i>(3), e0229783.<\/span><\/li>\n<li style=\"text-align: left;\"><span class=\"text--sm\"> Ekman B, Nero H, Lohmander LS, Dahlberg LE (2020) Costing analysis of a digital first-line treatment platform for patients with knee and hip osteoarthritis in Sweden. PLoS ONE 15(8): e0236342.<\/span><\/li>\n<li style=\"text-align: left;\"><span class=\"text--sm\">https:\/\/www.jointacademy.com\/se\/sv\/sa-fungerar-det\/<\/span><\/li>\n<li style=\"text-align: left;\"><span class=\"text--sm\"> Joint Academys unders\u00f6kning av patientn\u00f6jdhet 2021<\/span><\/li>\n<li style=\"text-align: left;\"><span class=\"text--sm\">https:\/\/news.cision.com\/se\/vardforbundet\/r\/var-tredje-svensk-upplever-att-sjukvarden-blivit-samre,c2507224<\/span><\/li>\n<li style=\"text-align: left;\"><span class=\"text--sm\"> Ekman B, Nero H, Lohmander LS, Dahlberg LE (2020) Costing analysis of a digital first-line treatment platform for patients with knee and hip osteoarthritis in Sweden. PLoS ONE 15(8): e0236342. https:\/\/doi.org\/10.1371\/journal.pone.0236342<\/span><\/li>\n<li style=\"text-align: left;\"><span class=\"text--sm\">https:\/\/www.epa.gov\/energy\/greenhouse-gas-equivalencies-calculator#results<\/span><\/li>\n<\/ol>\n\n        \n        \n            <\/div>\n\n        \n            <\/div>\n\n    \n    \n                <\/section>\n","protected":false},"excerpt":{"rendered":"","protected":false},"author":2,"featured_media":0,"parent":0,"menu_order":0,"comment_status":"closed","ping_status":"closed","template":"","meta":{"footnotes":""},"class_list":["post-3839","page","type-page","status-publish","hentry"],"yoast_head":"<!-- This site is optimized with the Yoast SEO Premium plugin v21.7 (Yoast SEO v21.7) - https:\/\/yoast.com\/wordpress\/plugins\/seo\/ -->\n<title>Varf\u00f6r Joint Academy | Joint Academy<\/title>\n<meta name=\"description\" content=\"Joint Academy behandlar patienter \u00f6ver hela Sverige som lever med l\u00e5ngvarig ledsm\u00e4rta. Se varf\u00f6r Joint Academy \u00e4r ett bra behandlingsval f\u00f6r patienter, men ocks\u00e5 f\u00f6r skattebetalare och regioner.\" \/>\n<meta name=\"robots\" content=\"index, follow, max-snippet:-1, max-image-preview:large, max-video-preview:-1\" \/>\n<link rel=\"canonical\" href=\"https:\/\/www.jointacademy.com\/se\/sv\/varfor\/\" \/>\n<meta property=\"og:locale\" content=\"sv_SE\" \/>\n<meta property=\"og:type\" content=\"article\" \/>\n<meta property=\"og:title\" content=\"S\u00e5 bidrar Joint Academy till ett friskare Sverige\" \/>\n<meta property=\"og:description\" content=\"Joint Academy behandlar patienter \u00f6ver hela Sverige som lever med l\u00e5ngvarig ledsm\u00e4rta. Se varf\u00f6r Joint Academy \u00e4r ett bra behandlingsval f\u00f6r patienter, men ocks\u00e5 f\u00f6r skattebetalare och regioner.\" \/>\n<meta property=\"og:url\" content=\"https:\/\/www.jointacademy.com\/se\/sv\/varfor\/\" \/>\n<meta property=\"og:site_name\" content=\"Joint Academy SE\" \/>\n<meta property=\"article:publisher\" content=\"https:\/\/www.facebook.com\/JointAcademy\/\" \/>\n<meta property=\"article:modified_time\" content=\"2025-03-04T10:14:20+00:00\" \/>\n<meta property=\"og:image\" content=\"https:\/\/www.jointacademy.com\/se\/wp-content\/uploads\/sites\/4\/2024\/12\/woman-sofa-phone-graphics-se.jpg\" \/>\n\t<meta property=\"og:image:width\" content=\"1200\" \/>\n\t<meta property=\"og:image:height\" content=\"800\" \/>\n\t<meta property=\"og:image:type\" content=\"image\/jpeg\" \/>\n<meta name=\"twitter:card\" content=\"summary_large_image\" \/>\n<meta name=\"twitter:title\" content=\"Varf\u00f6r Joint Academy\" \/>\n<meta name=\"twitter:label1\" content=\"Ber\u00e4knad l\u00e4stid\" \/>\n\t<meta name=\"twitter:data1\" content=\"5 minuter\" \/>\n<script type=\"application\/ld+json\" class=\"yoast-schema-graph\">{\"@context\":\"https:\/\/schema.org\",\"@graph\":[{\"@type\":\"WebPage\",\"@id\":\"https:\/\/www.jointacademy.com\/se\/sv\/varfor\/\",\"url\":\"https:\/\/www.jointacademy.com\/se\/sv\/varfor\/\",\"name\":\"Varf\u00f6r Joint Academy | Joint Academy\",\"isPartOf\":{\"@id\":\"https:\/\/www.jointacademy.com\/se\/sv\/#website\"},\"datePublished\":\"2022-05-09T12:47:42+00:00\",\"dateModified\":\"2025-03-04T10:14:20+00:00\",\"description\":\"Joint Academy behandlar patienter \u00f6ver hela Sverige som lever med l\u00e5ngvarig ledsm\u00e4rta. Se varf\u00f6r Joint Academy \u00e4r ett bra behandlingsval f\u00f6r patienter, men ocks\u00e5 f\u00f6r skattebetalare och regioner.\",\"breadcrumb\":{\"@id\":\"https:\/\/www.jointacademy.com\/se\/sv\/varfor\/#breadcrumb\"},\"inLanguage\":\"sv-SE\",\"potentialAction\":[{\"@type\":\"ReadAction\",\"target\":[\"https:\/\/www.jointacademy.com\/se\/sv\/varfor\/\"]}]},{\"@type\":\"BreadcrumbList\",\"@id\":\"https:\/\/www.jointacademy.com\/se\/sv\/varfor\/#breadcrumb\",\"itemListElement\":[{\"@type\":\"ListItem\",\"position\":1,\"name\":\"Hem\",\"item\":\"https:\/\/www.jointacademy.com\/se\/sv\/\"},{\"@type\":\"ListItem\",\"position\":2,\"name\":\"Varf\u00f6r Joint Academy\"}]},{\"@type\":\"WebSite\",\"@id\":\"https:\/\/www.jointacademy.com\/se\/sv\/#website\",\"url\":\"https:\/\/www.jointacademy.com\/se\/sv\/\",\"name\":\"Joint Academy SE\",\"description\":\"\",\"publisher\":{\"@id\":\"https:\/\/www.jointacademy.com\/se\/sv\/#organization\"},\"potentialAction\":[{\"@type\":\"SearchAction\",\"target\":{\"@type\":\"EntryPoint\",\"urlTemplate\":\"https:\/\/www.jointacademy.com\/se\/sv\/?s={search_term_string}\"},\"query-input\":\"required name=search_term_string\"}],\"inLanguage\":\"sv-SE\"},{\"@type\":\"Organization\",\"@id\":\"https:\/\/www.jointacademy.com\/se\/sv\/#organization\",\"name\":\"Joint Academy\",\"url\":\"https:\/\/www.jointacademy.com\/se\/sv\/\",\"logo\":{\"@type\":\"ImageObject\",\"inLanguage\":\"sv-SE\",\"@id\":\"https:\/\/www.jointacademy.com\/se\/sv\/#\/schema\/logo\/image\/\",\"url\":\"https:\/\/www.jointacademy.com\/se\/wp-content\/uploads\/sites\/4\/2019\/06\/joint_academy_logo_color@2x.png\",\"contentUrl\":\"https:\/\/www.jointacademy.com\/se\/wp-content\/uploads\/sites\/4\/2019\/06\/joint_academy_logo_color@2x.png\",\"width\":404,\"height\":88,\"caption\":\"Joint Academy\"},\"image\":{\"@id\":\"https:\/\/www.jointacademy.com\/se\/sv\/#\/schema\/logo\/image\/\"},\"sameAs\":[\"https:\/\/www.facebook.com\/JointAcademy\/\"]}]}<\/script>\n<!-- \/ Yoast SEO Premium plugin. -->","yoast_head_json":{"title":"Varf\u00f6r Joint Academy | Joint Academy","description":"Joint Academy behandlar patienter \u00f6ver hela Sverige som lever med l\u00e5ngvarig ledsm\u00e4rta. Se varf\u00f6r Joint Academy \u00e4r ett bra behandlingsval f\u00f6r patienter, men ocks\u00e5 f\u00f6r skattebetalare och regioner.","robots":{"index":"index","follow":"follow","max-snippet":"max-snippet:-1","max-image-preview":"max-image-preview:large","max-video-preview":"max-video-preview:-1"},"canonical":"https:\/\/www.jointacademy.com\/se\/sv\/varfor\/","og_locale":"sv_SE","og_type":"article","og_title":"S\u00e5 bidrar Joint Academy till ett friskare Sverige","og_description":"Joint Academy behandlar patienter \u00f6ver hela Sverige som lever med l\u00e5ngvarig ledsm\u00e4rta. Se varf\u00f6r Joint Academy \u00e4r ett bra behandlingsval f\u00f6r patienter, men ocks\u00e5 f\u00f6r skattebetalare och regioner.","og_url":"https:\/\/www.jointacademy.com\/se\/sv\/varfor\/","og_site_name":"Joint Academy SE","article_publisher":"https:\/\/www.facebook.com\/JointAcademy\/","article_modified_time":"2025-03-04T10:14:20+00:00","og_image":[{"width":1200,"height":800,"url":"https:\/\/www.jointacademy.com\/se\/wp-content\/uploads\/sites\/4\/2024\/12\/woman-sofa-phone-graphics-se.jpg","type":"image\/jpeg"}],"twitter_card":"summary_large_image","twitter_title":"Varf\u00f6r Joint Academy","twitter_misc":{"Ber\u00e4knad l\u00e4stid":"5 minuter"},"schema":{"@context":"https:\/\/schema.org","@graph":[{"@type":"WebPage","@id":"https:\/\/www.jointacademy.com\/se\/sv\/varfor\/","url":"https:\/\/www.jointacademy.com\/se\/sv\/varfor\/","name":"Varf\u00f6r Joint Academy | Joint Academy","isPartOf":{"@id":"https:\/\/www.jointacademy.com\/se\/sv\/#website"},"datePublished":"2022-05-09T12:47:42+00:00","dateModified":"2025-03-04T10:14:20+00:00","description":"Joint Academy behandlar patienter \u00f6ver hela Sverige som lever med l\u00e5ngvarig ledsm\u00e4rta. Se varf\u00f6r Joint Academy \u00e4r ett bra behandlingsval f\u00f6r patienter, men ocks\u00e5 f\u00f6r skattebetalare och regioner.","breadcrumb":{"@id":"https:\/\/www.jointacademy.com\/se\/sv\/varfor\/#breadcrumb"},"inLanguage":"sv-SE","potentialAction":[{"@type":"ReadAction","target":["https:\/\/www.jointacademy.com\/se\/sv\/varfor\/"]}]},{"@type":"BreadcrumbList","@id":"https:\/\/www.jointacademy.com\/se\/sv\/varfor\/#breadcrumb","itemListElement":[{"@type":"ListItem","position":1,"name":"Hem","item":"https:\/\/www.jointacademy.com\/se\/sv\/"},{"@type":"ListItem","position":2,"name":"Varf\u00f6r Joint Academy"}]},{"@type":"WebSite","@id":"https:\/\/www.jointacademy.com\/se\/sv\/#website","url":"https:\/\/www.jointacademy.com\/se\/sv\/","name":"Joint Academy SE","description":"","publisher":{"@id":"https:\/\/www.jointacademy.com\/se\/sv\/#organization"},"potentialAction":[{"@type":"SearchAction","target":{"@type":"EntryPoint","urlTemplate":"https:\/\/www.jointacademy.com\/se\/sv\/?s={search_term_string}"},"query-input":"required name=search_term_string"}],"inLanguage":"sv-SE"},{"@type":"Organization","@id":"https:\/\/www.jointacademy.com\/se\/sv\/#organization","name":"Joint Academy","url":"https:\/\/www.jointacademy.com\/se\/sv\/","logo":{"@type":"ImageObject","inLanguage":"sv-SE","@id":"https:\/\/www.jointacademy.com\/se\/sv\/#\/schema\/logo\/image\/","url":"https:\/\/www.jointacademy.com\/se\/wp-content\/uploads\/sites\/4\/2019\/06\/joint_academy_logo_color@2x.png","contentUrl":"https:\/\/www.jointacademy.com\/se\/wp-content\/uploads\/sites\/4\/2019\/06\/joint_academy_logo_color@2x.png","width":404,"height":88,"caption":"Joint Academy"},"image":{"@id":"https:\/\/www.jointacademy.com\/se\/sv\/#\/schema\/logo\/image\/"},"sameAs":["https:\/\/www.facebook.com\/JointAcademy\/"]}]}},"acf":[],"_links":{"self":[{"href":"https:\/\/www.jointacademy.com\/se\/wp-json\/wp\/v2\/pages\/3839","targetHints":{"allow":["GET"]}}],"collection":[{"href":"https:\/\/www.jointacademy.com\/se\/wp-json\/wp\/v2\/pages"}],"about":[{"href":"https:\/\/www.jointacademy.com\/se\/wp-json\/wp\/v2\/types\/page"}],"author":[{"embeddable":true,"href":"https:\/\/www.jointacademy.com\/se\/wp-json\/wp\/v2\/users\/2"}],"replies":[{"embeddable":true,"href":"https:\/\/www.jointacademy.com\/se\/wp-json\/wp\/v2\/comments?post=3839"}],"version-history":[{"count":0,"href":"https:\/\/www.jointacademy.com\/se\/wp-json\/wp\/v2\/pages\/3839\/revisions"}],"wp:attachment":[{"href":"https:\/\/www.jointacademy.com\/se\/wp-json\/wp\/v2\/media?parent=3839"}],"curies":[{"name":"wp","href":"https:\/\/api.w.org\/{rel}","templated":true}]}}