{"id":5211,"date":"2023-05-31T12:23:06","date_gmt":"2023-05-31T12:23:06","guid":{"rendered":"https:\/\/www.jointacademy.com\/se\/?page_id=5211"},"modified":"2023-06-01T07:14:54","modified_gmt":"2023-06-01T07:14:54","slug":"arsrapport-2022","status":"publish","type":"page","link":"https:\/\/www.jointacademy.com\/se\/sv\/arsrapport-2022\/","title":{"rendered":"\u00c5rsrapport 2022"},"content":{"rendered":"<!-- Section: Image & Text -->\n<section class=\"section section-base \" id=\"\" data-theme=\"light\">\n    \n    <div class=\" container container--lg margin-top--lg margin-bottom--lg \">\n        \n        \n            <div class=\"image-text \">\n        \n        <div class=\"image-text__row  \">\n            <div class=\"image-text__image-col\">\n                <div class=\"image-text__image-wrapper image-text__image-wrapper--none\">\n                                            <img decoding=\"async\" width=\"1341\" height=\"1052\" src=\"https:\/\/www.jointacademy.com\/se\/wp-content\/uploads\/sites\/4\/2023\/05\/download-report-1@1x.png\" class=\"attachment-full size-full\" alt=\"\" srcset=\"https:\/\/www.jointacademy.com\/se\/wp-content\/uploads\/sites\/4\/2023\/05\/download-report-1@1x.png 1341w, https:\/\/www.jointacademy.com\/se\/wp-content\/uploads\/sites\/4\/2023\/05\/download-report-1@1x-1000x784.png 1000w, https:\/\/www.jointacademy.com\/se\/wp-content\/uploads\/sites\/4\/2023\/05\/download-report-1@1x-500x392.png 500w, https:\/\/www.jointacademy.com\/se\/wp-content\/uploads\/sites\/4\/2023\/05\/download-report-1@1x-768x602.png 768w\" sizes=\"(max-width: 1341px) 100vw, 1341px\" \/>\n                                    <\/div>\n\n                \n                            <\/div>\n            <div class=\"image-text__text-col col\">\n                <div class=\"image-text__text-wrapper text--component\">\n                    \n                                            <div >\n                            <h1 class=\"margin-bottom--xs\">\u00c5rsrapport 2022<\/h1>\n<p class=\"margin-bottom--md\">Ladda ner v\u00e5r \u00e5rsrapport och l\u00e4s mer om artros och ledsm\u00e4rta i Sverige 2022. Ta del av hur artros kan behandlas effektivt, j\u00e4mlikt och till l\u00e5g kostnad, samt hur digital behandling kan minska sm\u00e4rta, \u00f6ka fysisk funktion och minska intaget av sm\u00e4rtstillande medicin.<\/p>\n<form action=\"\/wp-content\/themes\/jointacademy-core\/functions\/form.php\" method=\"post\" data-goal=\"Lead\">\n<div class=\"margin-bottom--xs\"><input id=\"email\" class=\"form-control\" maxlength=\"80\" name=\"email\" required=\"\" size=\"20\" type=\"text\" placeholder=\"Ange din e-postadress\" \/><\/div>\n<p><input id=\"subject\" name=\"subject\" type=\"hidden\" value=\"Laddade ner \u00e5rsrapport 2022\" \/><input id=\"to\" name=\"to\" type=\"hidden\" value=\"marketing@jointacademy.com\" \/><input id=\"url\" name=\"url\" type=\"hidden\" value=\"https:\/\/assets.jointacademy.com\/resources\/Joint-Academy-Arsrapport-2022.pdf\" \/><\/p>\n<div class=\"text--right\"><input class=\"btn btn--fullwidth btn--md btn--primary btn--square\" name=\"submit\" type=\"submit\" value=\"Ladda ner\" \/><\/div>\n<\/form>\n\n                        <\/div>\n                    \n                    \n                    \n                    \n                                    <\/div>\n            <\/div>\n        <\/div>\n    <\/div>\n\n        \n            <\/div>\n\n    \n    \n                <\/section>\n\n\n<!-- Section: Image & Text -->\n<section class=\"section section-base \" id=\"\" data-theme=\"white\">\n    \n    <div class=\" container container--lg margin-top--lg margin-bottom--xl \">\n        \n        \n            <div class=\"image-text \">\n        \n        <div class=\"image-text__row image-text__row--reverse \">\n            <div class=\"image-text__image-col\">\n                <div class=\"image-text__image-wrapper image-text__image-wrapper--fullwidth\">\n                                            <img decoding=\"async\" width=\"1341\" height=\"1052\" src=\"https:\/\/www.jointacademy.com\/se\/wp-content\/uploads\/sites\/4\/2023\/05\/download-report-2@1x.png\" class=\"attachment-full size-full\" alt=\"\" srcset=\"https:\/\/www.jointacademy.com\/se\/wp-content\/uploads\/sites\/4\/2023\/05\/download-report-2@1x.png 1341w, https:\/\/www.jointacademy.com\/se\/wp-content\/uploads\/sites\/4\/2023\/05\/download-report-2@1x-1000x784.png 1000w, https:\/\/www.jointacademy.com\/se\/wp-content\/uploads\/sites\/4\/2023\/05\/download-report-2@1x-500x392.png 500w, https:\/\/www.jointacademy.com\/se\/wp-content\/uploads\/sites\/4\/2023\/05\/download-report-2@1x-768x602.png 768w\" sizes=\"(max-width: 1341px) 100vw, 1341px\" \/>\n                                    <\/div>\n\n                \n                            <\/div>\n            <div class=\"image-text__text-col col\">\n                <div class=\"image-text__text-wrapper text--component\">\n                                                                        <h2 class=\"margin-bottom--sm\">L\u00e4s mer om hur<\/h2>\n                                            \n                                            <div >\n                            <ul>\n<li>Utbildning i kombination med tr\u00e4ning hj\u00e4lper patienter med artros att \u00f6ka sin motivation och f\u00f6ljsamhet.<\/li>\n<li>\u00d6vningar som fokuserar p\u00e5 att tr\u00e4na muskulaturen kring leder kan stabilisera och avlasta leden, vilket i sin tur minskar sm\u00e4rta och f\u00f6rb\u00e4ttrar funktion.<\/li>\n<li>Digital behandling f\u00f6r artros skapar h\u00e5llbara resultat f\u00f6r en \u00f6kad livskvalitet.<\/li>\n<\/ul>\n\n                        <\/div>\n                    \n                    \n                    \n                    \n                                    <\/div>\n            <\/div>\n        <\/div>\n    <\/div>\n\n        \n            <\/div>\n\n    \n    \n                <\/section>\n\n\n<!-- Section: Reviews -->\n<section class=\"section section-base \" id=\"\" data-theme=\"white\">\n    \n    <div class=\" container container--lg margin-top--none margin-bottom--lg \">\n        \n        \n            <div class=\"reviews\">\n                    <div class=\"text--component margin-bottom--md text--center\">\n                <h2>150 000+ behandlade patienter<\/h2>\n\n                            <\/div>\n        \n                                                        <div class=\"elfsight-app-390ce5af-fa82-4904-b1b7-a301ef2a43d0\" data-elfsight-app-lazy><\/div>\n                                        <\/div>\n\n        \n            <\/div>\n\n    \n    \n                <\/section>\n","protected":false},"excerpt":{"rendered":"","protected":false},"author":2,"featured_media":0,"parent":0,"menu_order":0,"comment_status":"closed","ping_status":"closed","template":"","meta":{"footnotes":""},"class_list":["post-5211","page","type-page","status-publish","hentry"],"yoast_head":"<!-- This site is optimized with the Yoast SEO Premium plugin v21.7 (Yoast SEO v21.7) - https:\/\/yoast.com\/wordpress\/plugins\/seo\/ -->\n<title>\u00c5rsrapport 2022 | Joint Academy<\/title>\n<meta name=\"robots\" content=\"index, follow, max-snippet:-1, max-image-preview:large, max-video-preview:-1\" \/>\n<link rel=\"canonical\" href=\"https:\/\/www.jointacademy.com\/se\/sv\/arsrapport-2022\/\" \/>\n<meta property=\"og:locale\" content=\"sv_SE\" \/>\n<meta property=\"og:type\" content=\"article\" \/>\n<meta property=\"og:title\" content=\"\u00c5rsrapport 2022\" \/>\n<meta property=\"og:url\" content=\"https:\/\/www.jointacademy.com\/se\/sv\/arsrapport-2022\/\" \/>\n<meta property=\"og:site_name\" content=\"Joint Academy SE\" \/>\n<meta property=\"article:publisher\" content=\"https:\/\/www.facebook.com\/JointAcademy\/\" \/>\n<meta property=\"article:modified_time\" content=\"2023-06-01T07:14:54+00:00\" \/>\n<meta property=\"og:image\" content=\"https:\/\/www.jointacademy.com\/se\/wp-content\/uploads\/sites\/4\/2022\/09\/ja-generic-og-image.jpg\" \/>\n\t<meta property=\"og:image:width\" content=\"1200\" \/>\n\t<meta property=\"og:image:height\" content=\"630\" \/>\n\t<meta property=\"og:image:type\" content=\"image\/jpeg\" \/>\n<meta name=\"twitter:card\" content=\"summary_large_image\" \/>\n<script type=\"application\/ld+json\" class=\"yoast-schema-graph\">{\"@context\":\"https:\/\/schema.org\",\"@graph\":[{\"@type\":\"WebPage\",\"@id\":\"https:\/\/www.jointacademy.com\/se\/sv\/arsrapport-2022\/\",\"url\":\"https:\/\/www.jointacademy.com\/se\/sv\/arsrapport-2022\/\",\"name\":\"\u00c5rsrapport 2022 | Joint Academy\",\"isPartOf\":{\"@id\":\"https:\/\/www.jointacademy.com\/se\/sv\/#website\"},\"datePublished\":\"2023-05-31T12:23:06+00:00\",\"dateModified\":\"2023-06-01T07:14:54+00:00\",\"breadcrumb\":{\"@id\":\"https:\/\/www.jointacademy.com\/se\/sv\/arsrapport-2022\/#breadcrumb\"},\"inLanguage\":\"sv-SE\",\"potentialAction\":[{\"@type\":\"ReadAction\",\"target\":[\"https:\/\/www.jointacademy.com\/se\/sv\/arsrapport-2022\/\"]}]},{\"@type\":\"BreadcrumbList\",\"@id\":\"https:\/\/www.jointacademy.com\/se\/sv\/arsrapport-2022\/#breadcrumb\",\"itemListElement\":[{\"@type\":\"ListItem\",\"position\":1,\"name\":\"Hem\",\"item\":\"https:\/\/www.jointacademy.com\/se\/sv\/\"},{\"@type\":\"ListItem\",\"position\":2,\"name\":\"\u00c5rsrapport 2022\"}]},{\"@type\":\"WebSite\",\"@id\":\"https:\/\/www.jointacademy.com\/se\/sv\/#website\",\"url\":\"https:\/\/www.jointacademy.com\/se\/sv\/\",\"name\":\"Joint Academy SE\",\"description\":\"\",\"publisher\":{\"@id\":\"https:\/\/www.jointacademy.com\/se\/sv\/#organization\"},\"potentialAction\":[{\"@type\":\"SearchAction\",\"target\":{\"@type\":\"EntryPoint\",\"urlTemplate\":\"https:\/\/www.jointacademy.com\/se\/sv\/?s={search_term_string}\"},\"query-input\":\"required name=search_term_string\"}],\"inLanguage\":\"sv-SE\"},{\"@type\":\"Organization\",\"@id\":\"https:\/\/www.jointacademy.com\/se\/sv\/#organization\",\"name\":\"Joint Academy\",\"url\":\"https:\/\/www.jointacademy.com\/se\/sv\/\",\"logo\":{\"@type\":\"ImageObject\",\"inLanguage\":\"sv-SE\",\"@id\":\"https:\/\/www.jointacademy.com\/se\/sv\/#\/schema\/logo\/image\/\",\"url\":\"https:\/\/www.jointacademy.com\/se\/wp-content\/uploads\/sites\/4\/2019\/06\/joint_academy_logo_color@2x.png\",\"contentUrl\":\"https:\/\/www.jointacademy.com\/se\/wp-content\/uploads\/sites\/4\/2019\/06\/joint_academy_logo_color@2x.png\",\"width\":404,\"height\":88,\"caption\":\"Joint Academy\"},\"image\":{\"@id\":\"https:\/\/www.jointacademy.com\/se\/sv\/#\/schema\/logo\/image\/\"},\"sameAs\":[\"https:\/\/www.facebook.com\/JointAcademy\/\"]}]}<\/script>\n<!-- \/ Yoast SEO Premium plugin. -->","yoast_head_json":{"title":"\u00c5rsrapport 2022 | Joint Academy","robots":{"index":"index","follow":"follow","max-snippet":"max-snippet:-1","max-image-preview":"max-image-preview:large","max-video-preview":"max-video-preview:-1"},"canonical":"https:\/\/www.jointacademy.com\/se\/sv\/arsrapport-2022\/","og_locale":"sv_SE","og_type":"article","og_title":"\u00c5rsrapport 2022","og_url":"https:\/\/www.jointacademy.com\/se\/sv\/arsrapport-2022\/","og_site_name":"Joint Academy SE","article_publisher":"https:\/\/www.facebook.com\/JointAcademy\/","article_modified_time":"2023-06-01T07:14:54+00:00","og_image":[{"width":1200,"height":630,"url":"https:\/\/www.jointacademy.com\/se\/wp-content\/uploads\/sites\/4\/2022\/09\/ja-generic-og-image.jpg","type":"image\/jpeg"}],"twitter_card":"summary_large_image","schema":{"@context":"https:\/\/schema.org","@graph":[{"@type":"WebPage","@id":"https:\/\/www.jointacademy.com\/se\/sv\/arsrapport-2022\/","url":"https:\/\/www.jointacademy.com\/se\/sv\/arsrapport-2022\/","name":"\u00c5rsrapport 2022 | Joint Academy","isPartOf":{"@id":"https:\/\/www.jointacademy.com\/se\/sv\/#website"},"datePublished":"2023-05-31T12:23:06+00:00","dateModified":"2023-06-01T07:14:54+00:00","breadcrumb":{"@id":"https:\/\/www.jointacademy.com\/se\/sv\/arsrapport-2022\/#breadcrumb"},"inLanguage":"sv-SE","potentialAction":[{"@type":"ReadAction","target":["https:\/\/www.jointacademy.com\/se\/sv\/arsrapport-2022\/"]}]},{"@type":"BreadcrumbList","@id":"https:\/\/www.jointacademy.com\/se\/sv\/arsrapport-2022\/#breadcrumb","itemListElement":[{"@type":"ListItem","position":1,"name":"Hem","item":"https:\/\/www.jointacademy.com\/se\/sv\/"},{"@type":"ListItem","position":2,"name":"\u00c5rsrapport 2022"}]},{"@type":"WebSite","@id":"https:\/\/www.jointacademy.com\/se\/sv\/#website","url":"https:\/\/www.jointacademy.com\/se\/sv\/","name":"Joint Academy SE","description":"","publisher":{"@id":"https:\/\/www.jointacademy.com\/se\/sv\/#organization"},"potentialAction":[{"@type":"SearchAction","target":{"@type":"EntryPoint","urlTemplate":"https:\/\/www.jointacademy.com\/se\/sv\/?s={search_term_string}"},"query-input":"required name=search_term_string"}],"inLanguage":"sv-SE"},{"@type":"Organization","@id":"https:\/\/www.jointacademy.com\/se\/sv\/#organization","name":"Joint Academy","url":"https:\/\/www.jointacademy.com\/se\/sv\/","logo":{"@type":"ImageObject","inLanguage":"sv-SE","@id":"https:\/\/www.jointacademy.com\/se\/sv\/#\/schema\/logo\/image\/","url":"https:\/\/www.jointacademy.com\/se\/wp-content\/uploads\/sites\/4\/2019\/06\/joint_academy_logo_color@2x.png","contentUrl":"https:\/\/www.jointacademy.com\/se\/wp-content\/uploads\/sites\/4\/2019\/06\/joint_academy_logo_color@2x.png","width":404,"height":88,"caption":"Joint Academy"},"image":{"@id":"https:\/\/www.jointacademy.com\/se\/sv\/#\/schema\/logo\/image\/"},"sameAs":["https:\/\/www.facebook.com\/JointAcademy\/"]}]}},"acf":[],"_links":{"self":[{"href":"https:\/\/www.jointacademy.com\/se\/wp-json\/wp\/v2\/pages\/5211","targetHints":{"allow":["GET"]}}],"collection":[{"href":"https:\/\/www.jointacademy.com\/se\/wp-json\/wp\/v2\/pages"}],"about":[{"href":"https:\/\/www.jointacademy.com\/se\/wp-json\/wp\/v2\/types\/page"}],"author":[{"embeddable":true,"href":"https:\/\/www.jointacademy.com\/se\/wp-json\/wp\/v2\/users\/2"}],"replies":[{"embeddable":true,"href":"https:\/\/www.jointacademy.com\/se\/wp-json\/wp\/v2\/comments?post=5211"}],"version-history":[{"count":0,"href":"https:\/\/www.jointacademy.com\/se\/wp-json\/wp\/v2\/pages\/5211\/revisions"}],"wp:attachment":[{"href":"https:\/\/www.jointacademy.com\/se\/wp-json\/wp\/v2\/media?parent=5211"}],"curies":[{"name":"wp","href":"https:\/\/api.w.org\/{rel}","templated":true}]}}