{"id":574,"date":"2019-07-24T13:20:12","date_gmt":"2019-07-24T13:20:12","guid":{"rendered":"https:\/\/www.jointacademy.com\/se\/?page_id=574"},"modified":"2025-11-26T13:19:04","modified_gmt":"2025-11-26T13:19:04","slug":"karriar","status":"publish","type":"page","link":"https:\/\/www.jointacademy.com\/se\/sv\/karriar\/","title":{"rendered":"Karri\u00e4r"},"content":{"rendered":"<!-- Section: Hero blob -->\n<section class=\"section section-base hero-blob\" id=\"\" data-theme=\"B10\">\n    \n    <div class=\" container container--lg margin-top--md margin-bottom--lg \">\n        \n        \n            <div class=\"hero-blob__row\">\n        <div class=\"hero-blob__text-col\">\n            <div class=\"hero-blob__text-wrapper text--component\">\n                <div class=\"margin-bottom--16\"><h1>Together we build <span class=\"color--electric-blue\">better healthcare<\/span><\/h1>\n<\/div>\n\n                                    <div class=\"hero-blob__text\">\n                        Join us in shaping the future of physical therapy.\n                    <\/div>\n                \n                \n                \n                    <a\n        href=\"https:\/\/www.careers-page.com\/joint-academy\"\n        class=\"margin-top--32 btn btn--lg btn--primary  btn--primary\"\n        data-goal=\"\"\n            >\n        Open positions\n    <\/a>\n\n                            <\/div>\n        <\/div>\n        <div class=\"hero-blob__image-col\">\n            <div class=\"hero-blob__image-wrapper\">\n                <img fetchpriority=\"high\" decoding=\"async\" width=\"1500\" height=\"882\" src=\"https:\/\/www.jointacademy.com\/se\/wp-content\/uploads\/sites\/4\/2022\/07\/kickoff_2022_group.jpg\" class=\"attachment-full size-full\" alt=\"Kickoff 2022\" loading=\"eager\" srcset=\"https:\/\/www.jointacademy.com\/se\/wp-content\/uploads\/sites\/4\/2022\/07\/kickoff_2022_group.jpg 1500w, https:\/\/www.jointacademy.com\/se\/wp-content\/uploads\/sites\/4\/2022\/07\/kickoff_2022_group-1000x588.jpg 1000w, https:\/\/www.jointacademy.com\/se\/wp-content\/uploads\/sites\/4\/2022\/07\/kickoff_2022_group-500x294.jpg 500w, https:\/\/www.jointacademy.com\/se\/wp-content\/uploads\/sites\/4\/2022\/07\/kickoff_2022_group-768x452.jpg 768w\" sizes=\"(max-width: 1500px) 100vw, 1500px\" \/>\n            <\/div>\n        <\/div>\n    <\/div>\n\n    <div class=\"hero-blob__blob\">\n        <svg width=\"840\" height=\"508\" viewBox=\"0 0 840 508\" fill=\"none\" xmlns=\"http:\/\/www.w3.org\/2000\/svg\">\n            <path d=\"M20.9419 164.66C-67.2703 360.66 138.099 604.083 438.273 467.325C644.31 382.514 789.128 461.477 833.234 363.477C913.548 181.945 197.368 -227.343 20.9419 164.66Z\" fill=\"#307FE2\"\/>\n        <\/svg>\n    <\/div>\n\n        \n            <\/div>\n\n    \n    \n                <\/section>\n\n\n<!-- Section: Cards -->\n<section class=\"section section-base cards cards--cols-4\" id=\"\" data-theme=\"white\">\n    \n    <div class=\"section-container container container--lg margin-top--lg margin-bottom--xl \">\n        \n                    <div class=\"block-header text--center\">\n                                                                                        <h2>Our team values<\/h2>\n                                                    <p class=\"margin-top--8 text--secondary\">Everyone living with joint pain deserves access to effective, sustainable care\u2014whenever and wherever they need it. Together, we make that possible.<\/p>\n                                            <\/div>\n        \n            <div class=\"cards__grid \">\n                    <div class=\"cards__col \">\n                <div class=\"cards__card  \">\n                    <div class=\"fontawesome-icon-wrapper  margin-bottom--16\">\n                        <i class=\"fa-classic fa-solid fa-megaphone\" aria-hidden=\"true\"><\/i>\n                    <\/div>\n                    <div>\n                        <h3 class=\"margin-bottom--8\">Empowerment<\/h3>\n                        <p>We empower patients to move beyond pain and employees to drive meaningful change.<\/p>\n                    <\/div>\n                <\/div>\n            <\/div>\n                    <div class=\"cards__col \">\n                <div class=\"cards__card  \">\n                    <div class=\"fontawesome-icon-wrapper  margin-bottom--16\">\n                        <i class=\"fa-classic fa-solid fa-file-chart-column\" aria-hidden=\"true\"><\/i>\n                    <\/div>\n                    <div>\n                        <h3 class=\"margin-bottom--8\">Science<\/h3>\n                        <p>We lead the way in joint pain research and let data guide our decisions.<\/p>\n                    <\/div>\n                <\/div>\n            <\/div>\n                    <div class=\"cards__col \">\n                <div class=\"cards__card  \">\n                    <div class=\"fontawesome-icon-wrapper  margin-bottom--16\">\n                        <i class=\"fa-classic fa-solid fa-comments\" aria-hidden=\"true\"><\/i>\n                    <\/div>\n                    <div>\n                        <h3 class=\"margin-bottom--8\">Transparency<\/h3>\n                        <p>We foster a culture of honest communication and seamless knowledge sharing.<\/p>\n                    <\/div>\n                <\/div>\n            <\/div>\n                    <div class=\"cards__col \">\n                <div class=\"cards__card  \">\n                    <div class=\"fontawesome-icon-wrapper  margin-bottom--16\">\n                        <i class=\"fa-classic fa-solid fa-face-smile\" aria-hidden=\"true\"><\/i>\n                    <\/div>\n                    <div>\n                        <h3 class=\"margin-bottom--8\">Sustainability<\/h3>\n                        <p>We create long-term solutions for patients at a workplace that prioritizes well-being.<\/p>\n                    <\/div>\n                <\/div>\n            <\/div>\n            <\/div>\n\n        \n            <\/div>\n\n    \n    \n                <\/section>\n\n\n<!-- Section: Multi column text -->\n<section class=\"section section-base \" id=\"\" data-theme=\"none\">\n    \n    <div class=\"section-container container container--lg margin-top--none margin-bottom--lg \">\n        \n                    <div class=\"block-header text--center\">\n                                                                                        <h2>We set you up for success<\/h2>\n                                                            <\/div>\n        \n            \n    \n    <div class=\"grid grid-gap--lg grid-gap-mobile--md flex--start\">\n                    <div class=\"col col--12 col--sm-4\">\n                <div class=\"text--component\">\n                    <h3 class=\"color--electric-blue margin-bottom--xs\">Flexibility<\/h3>\n                    <p>Work remotely, from our offices, or in a co-working space Or why not a mix of both?<\/p>\n                <\/div>\n            <\/div>\n                    <div class=\"col col--12 col--sm-4\">\n                <div class=\"text--component\">\n                    <h3 class=\"color--electric-blue margin-bottom--xs\">Grow as we grow<\/h3>\n                    <p>We invest in your development with dedicated time for professional growth.<\/p>\n                <\/div>\n            <\/div>\n                    <div class=\"col col--12 col--sm-4\">\n                <div class=\"text--component\">\n                    <h3 class=\"color--electric-blue margin-bottom--xs\">We&#8217;ve got your back<\/h3>\n                    <p>Enjoy a comprehensive insurance package and occupational pension plan.<\/p>\n                <\/div>\n            <\/div>\n                    <div class=\"col col--12 col--sm-4\">\n                <div class=\"text--component\">\n                    <h3 class=\"color--electric-blue margin-bottom--xs\">Promoting wellness<\/h3>\n                    <p>Employees get two paid hours per week for physical activity.<\/p>\n                <\/div>\n            <\/div>\n                    <div class=\"col col--12 col--sm-4\">\n                <div class=\"text--component\">\n                    <h3 class=\"color--electric-blue margin-bottom--xs\">Stay active<\/h3>\n                    <p>Benefit from a wellness allowance and access to activities to keep you moving.\r\n\r\n<\/p>\n                <\/div>\n            <\/div>\n                    <div class=\"col col--12 col--sm-4\">\n                <div class=\"text--component\">\n                    <h3 class=\"color--electric-blue margin-bottom--xs\">Give back<\/h3>\n                    <p>Spend one paid workday per year volunteering for a cause close to your heart.\r\n\r\n<\/p>\n                <\/div>\n            <\/div>\n            <\/div>\n\n                    <div class=\"text--center\">\n                    <a\n        href=\"https:\/\/www.careers-page.com\/joint-academy\"\n        class=\"btn btn--md  btn--primary\"\n        data-goal=\"\"\n            >\n        See jobs\n    <\/a>\n            <\/div>\n        \n            <\/div>\n\n    \n    \n                <\/section>\n","protected":false},"excerpt":{"rendered":"","protected":false},"author":2,"featured_media":2834,"parent":0,"menu_order":0,"comment_status":"closed","ping_status":"closed","template":"","meta":{"footnotes":""},"class_list":["post-574","page","type-page","status-publish","has-post-thumbnail","hentry"],"yoast_head":"<!-- This site is optimized with the Yoast SEO Premium plugin v21.7 (Yoast SEO v21.7) - https:\/\/yoast.com\/wordpress\/plugins\/seo\/ -->\n<title>Var med och forma framtidens digitala v\u00e5rd<\/title>\n<meta name=\"description\" content=\"Tillsammans bygger vi l\u00f6sningar som hj\u00e4lper tusentals personer dagligen att f\u00f6rb\u00e4ttra sin livskvalitet.\" \/>\n<meta name=\"robots\" content=\"index, follow, max-snippet:-1, max-image-preview:large, max-video-preview:-1\" \/>\n<link rel=\"canonical\" href=\"https:\/\/www.jointacademy.com\/se\/sv\/karriar\/\" \/>\n<meta property=\"og:locale\" content=\"sv_SE\" \/>\n<meta property=\"og:type\" content=\"article\" \/>\n<meta property=\"og:title\" content=\"Var med och forma framtidens digitala v\u00e5rd\" \/>\n<meta property=\"og:description\" content=\"Tillsammans bygger vi l\u00f6sningar som hj\u00e4lper tusentals personer dagligen att f\u00f6rb\u00e4ttra sin livskvalitet.\" \/>\n<meta property=\"og:url\" content=\"https:\/\/www.jointacademy.com\/se\/sv\/karriar\/\" \/>\n<meta property=\"og:site_name\" content=\"Joint Academy SE\" \/>\n<meta property=\"article:publisher\" content=\"https:\/\/www.facebook.com\/JointAcademy\/\" \/>\n<meta property=\"article:modified_time\" content=\"2025-11-26T13:19:04+00:00\" \/>\n<meta property=\"og:image\" content=\"https:\/\/www.jointacademy.com\/se\/wp-content\/uploads\/sites\/4\/2021\/05\/og_career@2x.jpg\" \/>\n\t<meta property=\"og:image:width\" content=\"2400\" \/>\n\t<meta property=\"og:image:height\" content=\"1256\" \/>\n\t<meta property=\"og:image:type\" content=\"image\/jpeg\" \/>\n<meta name=\"twitter:card\" content=\"summary_large_image\" \/>\n<meta name=\"twitter:title\" content=\"Karri\u00e4r\" \/>\n<meta name=\"twitter:label1\" content=\"Ber\u00e4knad l\u00e4stid\" \/>\n\t<meta name=\"twitter:data1\" content=\"1 minut\" \/>\n<script type=\"application\/ld+json\" class=\"yoast-schema-graph\">{\"@context\":\"https:\/\/schema.org\",\"@graph\":[{\"@type\":\"WebPage\",\"@id\":\"https:\/\/www.jointacademy.com\/se\/sv\/karriar\/\",\"url\":\"https:\/\/www.jointacademy.com\/se\/sv\/karriar\/\",\"name\":\"Var med och forma framtidens digitala v\u00e5rd\",\"isPartOf\":{\"@id\":\"https:\/\/www.jointacademy.com\/se\/sv\/#website\"},\"datePublished\":\"2019-07-24T13:20:12+00:00\",\"dateModified\":\"2025-11-26T13:19:04+00:00\",\"description\":\"Tillsammans bygger vi l\u00f6sningar som hj\u00e4lper tusentals personer dagligen att f\u00f6rb\u00e4ttra sin livskvalitet.\",\"breadcrumb\":{\"@id\":\"https:\/\/www.jointacademy.com\/se\/sv\/karriar\/#breadcrumb\"},\"inLanguage\":\"sv-SE\",\"potentialAction\":[{\"@type\":\"ReadAction\",\"target\":[\"https:\/\/www.jointacademy.com\/se\/sv\/karriar\/\"]}]},{\"@type\":\"BreadcrumbList\",\"@id\":\"https:\/\/www.jointacademy.com\/se\/sv\/karriar\/#breadcrumb\",\"itemListElement\":[{\"@type\":\"ListItem\",\"position\":1,\"name\":\"Hem\",\"item\":\"https:\/\/www.jointacademy.com\/se\/sv\/\"},{\"@type\":\"ListItem\",\"position\":2,\"name\":\"Karri\u00e4r\"}]},{\"@type\":\"WebSite\",\"@id\":\"https:\/\/www.jointacademy.com\/se\/sv\/#website\",\"url\":\"https:\/\/www.jointacademy.com\/se\/sv\/\",\"name\":\"Joint Academy SE\",\"description\":\"\",\"publisher\":{\"@id\":\"https:\/\/www.jointacademy.com\/se\/sv\/#organization\"},\"potentialAction\":[{\"@type\":\"SearchAction\",\"target\":{\"@type\":\"EntryPoint\",\"urlTemplate\":\"https:\/\/www.jointacademy.com\/se\/sv\/?s={search_term_string}\"},\"query-input\":\"required name=search_term_string\"}],\"inLanguage\":\"sv-SE\"},{\"@type\":\"Organization\",\"@id\":\"https:\/\/www.jointacademy.com\/se\/sv\/#organization\",\"name\":\"Joint Academy\",\"url\":\"https:\/\/www.jointacademy.com\/se\/sv\/\",\"logo\":{\"@type\":\"ImageObject\",\"inLanguage\":\"sv-SE\",\"@id\":\"https:\/\/www.jointacademy.com\/se\/sv\/#\/schema\/logo\/image\/\",\"url\":\"https:\/\/www.jointacademy.com\/se\/wp-content\/uploads\/sites\/4\/2019\/06\/joint_academy_logo_color@2x.png\",\"contentUrl\":\"https:\/\/www.jointacademy.com\/se\/wp-content\/uploads\/sites\/4\/2019\/06\/joint_academy_logo_color@2x.png\",\"width\":404,\"height\":88,\"caption\":\"Joint Academy\"},\"image\":{\"@id\":\"https:\/\/www.jointacademy.com\/se\/sv\/#\/schema\/logo\/image\/\"},\"sameAs\":[\"https:\/\/www.facebook.com\/JointAcademy\/\"]}]}<\/script>\n<!-- \/ Yoast SEO Premium plugin. -->","yoast_head_json":{"title":"Var med och forma framtidens digitala v\u00e5rd","description":"Tillsammans bygger vi l\u00f6sningar som hj\u00e4lper tusentals personer dagligen att f\u00f6rb\u00e4ttra sin livskvalitet.","robots":{"index":"index","follow":"follow","max-snippet":"max-snippet:-1","max-image-preview":"max-image-preview:large","max-video-preview":"max-video-preview:-1"},"canonical":"https:\/\/www.jointacademy.com\/se\/sv\/karriar\/","og_locale":"sv_SE","og_type":"article","og_title":"Var med och forma framtidens digitala v\u00e5rd","og_description":"Tillsammans bygger vi l\u00f6sningar som hj\u00e4lper tusentals personer dagligen att f\u00f6rb\u00e4ttra sin livskvalitet.","og_url":"https:\/\/www.jointacademy.com\/se\/sv\/karriar\/","og_site_name":"Joint Academy SE","article_publisher":"https:\/\/www.facebook.com\/JointAcademy\/","article_modified_time":"2025-11-26T13:19:04+00:00","og_image":[{"width":2400,"height":1256,"url":"https:\/\/www.jointacademy.com\/se\/wp-content\/uploads\/sites\/4\/2021\/05\/og_career@2x.jpg","type":"image\/jpeg"}],"twitter_card":"summary_large_image","twitter_title":"Karri\u00e4r","twitter_misc":{"Ber\u00e4knad l\u00e4stid":"1 minut"},"schema":{"@context":"https:\/\/schema.org","@graph":[{"@type":"WebPage","@id":"https:\/\/www.jointacademy.com\/se\/sv\/karriar\/","url":"https:\/\/www.jointacademy.com\/se\/sv\/karriar\/","name":"Var med och forma framtidens digitala v\u00e5rd","isPartOf":{"@id":"https:\/\/www.jointacademy.com\/se\/sv\/#website"},"datePublished":"2019-07-24T13:20:12+00:00","dateModified":"2025-11-26T13:19:04+00:00","description":"Tillsammans bygger vi l\u00f6sningar som hj\u00e4lper tusentals personer dagligen att f\u00f6rb\u00e4ttra sin livskvalitet.","breadcrumb":{"@id":"https:\/\/www.jointacademy.com\/se\/sv\/karriar\/#breadcrumb"},"inLanguage":"sv-SE","potentialAction":[{"@type":"ReadAction","target":["https:\/\/www.jointacademy.com\/se\/sv\/karriar\/"]}]},{"@type":"BreadcrumbList","@id":"https:\/\/www.jointacademy.com\/se\/sv\/karriar\/#breadcrumb","itemListElement":[{"@type":"ListItem","position":1,"name":"Hem","item":"https:\/\/www.jointacademy.com\/se\/sv\/"},{"@type":"ListItem","position":2,"name":"Karri\u00e4r"}]},{"@type":"WebSite","@id":"https:\/\/www.jointacademy.com\/se\/sv\/#website","url":"https:\/\/www.jointacademy.com\/se\/sv\/","name":"Joint Academy SE","description":"","publisher":{"@id":"https:\/\/www.jointacademy.com\/se\/sv\/#organization"},"potentialAction":[{"@type":"SearchAction","target":{"@type":"EntryPoint","urlTemplate":"https:\/\/www.jointacademy.com\/se\/sv\/?s={search_term_string}"},"query-input":"required name=search_term_string"}],"inLanguage":"sv-SE"},{"@type":"Organization","@id":"https:\/\/www.jointacademy.com\/se\/sv\/#organization","name":"Joint Academy","url":"https:\/\/www.jointacademy.com\/se\/sv\/","logo":{"@type":"ImageObject","inLanguage":"sv-SE","@id":"https:\/\/www.jointacademy.com\/se\/sv\/#\/schema\/logo\/image\/","url":"https:\/\/www.jointacademy.com\/se\/wp-content\/uploads\/sites\/4\/2019\/06\/joint_academy_logo_color@2x.png","contentUrl":"https:\/\/www.jointacademy.com\/se\/wp-content\/uploads\/sites\/4\/2019\/06\/joint_academy_logo_color@2x.png","width":404,"height":88,"caption":"Joint Academy"},"image":{"@id":"https:\/\/www.jointacademy.com\/se\/sv\/#\/schema\/logo\/image\/"},"sameAs":["https:\/\/www.facebook.com\/JointAcademy\/"]}]}},"acf":[],"_links":{"self":[{"href":"https:\/\/www.jointacademy.com\/se\/wp-json\/wp\/v2\/pages\/574","targetHints":{"allow":["GET"]}}],"collection":[{"href":"https:\/\/www.jointacademy.com\/se\/wp-json\/wp\/v2\/pages"}],"about":[{"href":"https:\/\/www.jointacademy.com\/se\/wp-json\/wp\/v2\/types\/page"}],"author":[{"embeddable":true,"href":"https:\/\/www.jointacademy.com\/se\/wp-json\/wp\/v2\/users\/2"}],"replies":[{"embeddable":true,"href":"https:\/\/www.jointacademy.com\/se\/wp-json\/wp\/v2\/comments?post=574"}],"version-history":[{"count":0,"href":"https:\/\/www.jointacademy.com\/se\/wp-json\/wp\/v2\/pages\/574\/revisions"}],"wp:featuredmedia":[{"embeddable":true,"href":"https:\/\/www.jointacademy.com\/se\/wp-json\/wp\/v2\/media\/2834"}],"wp:attachment":[{"href":"https:\/\/www.jointacademy.com\/se\/wp-json\/wp\/v2\/media?parent=574"}],"curies":[{"name":"wp","href":"https:\/\/api.w.org\/{rel}","templated":true}]}}