{"id":6684,"date":"2025-09-04T13:11:09","date_gmt":"2025-09-04T13:11:09","guid":{"rendered":"https:\/\/jointacastage.wpengine.com\/se\/?page_id=6684"},"modified":"2025-10-08T08:50:15","modified_gmt":"2025-10-08T08:50:15","slug":"patientsupport","status":"publish","type":"page","link":"https:\/\/www.jointacademy.com\/se\/sv\/kontakt\/patientsupport\/","title":{"rendered":"Patientsupport"},"content":{"rendered":"<!-- Section: Text -->\n<section class=\" section-base text\" id=\"\" data-theme=\"white\">\n    \n    <div class=\" container container--md margin-top--md margin-bottom--md \">\n        \n        \n            <div class=\"text--component text--center\" style=\"\">\n                                    <h1>Patientsupport<\/h1>\n                    \n                    <p>Hittar du inte svar p\u00e5 din fr\u00e5ga i n\u00e5gon av v\u00e5ra <a href=\"https:\/\/www.jointacademy.com\/se\/sv\/faq\/\">artiklar<\/a> s\u00e5 kontakta oss g\u00e4rna via formul\u00e4ret, vi svarar s\u00e5 snabbt vi kan under kontorstid (ej helger eller r\u00f6da dagar).<\/p>\n\n        \n        \n            <\/div>\n\n        \n            <\/div>\n\n    \n    \n                <\/section>\n\n\n<!-- Section: Support form -->\n<section class=\"section section-base support-form\n\" id=\"\" data-theme=\"white\">\n    \n    <div class=\" container container--sm margin-top--none margin-bottom--xl \">\n        \n        \n        \t<form action=\"https:\/\/jointacademy.my.salesforce-sites.com\/services\/apexrest\/case\" method=\"POST\" id=\"salesforceSupportForm\" onsubmit=\"submit.disabled = true; return true;\">\n\t\t<div class=\"margin-bottom--xs\">\n\t\t\t<div class=\"grid grid--gap-sm\">\n\t\t\t\t<div class=\"col--sm-6\">\n\t\t\t\t\t<label for=\"first_name\" class=\"text--xs margin-bottom--xs\">F\u00f6rnamn<sup>*<\/sup>\n\t\t\t\t\t<\/label>\n\t\t\t\t\t<input class=\"form-control\" id=\"first_name\" maxlength=\"40\" name=\"first_name\" type=\"text\" placeholder=\"F\u00f6rnamn\" required>\n\t\t\t\t<\/div>\n\t\t\t\t<div class=\"col--sm-6\">\n\t\t\t\t\t<label for=\"last_name\" class=\"text--xs margin-bottom--xs\">Efternamn<sup>*<\/sup>\n\t\t\t\t\t<\/label>\n\t\t\t\t\t<input class=\"form-control\" id=\"last_name\" maxlength=\"80\" name=\"last_name\" type=\"text\" placeholder=\"Efternamn\" required>\n\t\t\t\t<\/div>\n\t\t\t<\/div>\n\t\t<\/div>\n\n\t\t\t\t\t<div class=\"margin-bottom--xs\">\n\t\t\t\t<label for=\"phone\" class=\"text--xs margin-bottom--xs\">Telefonnummer<sup>*<\/sup>\n\t\t\t\t<\/label>\n\t\t\t\t<input class=\"form-control\" id=\"phone\" maxlength=\"80\" name=\"phone\" type=\"tel\" placeholder=\"Telefonnummer\" required>\n\t\t\t<\/div>\n\t\t\n\t\t<div class=\"margin-bottom--xs\">\n\t\t\t<label for=\"email\" class=\"text--xs margin-bottom--xs\">E-post<sup>*<\/sup>\n\t\t\t<\/label>\n\t\t\t<input class=\"form-control\" id=\"email\" maxlength=\"80\" name=\"email\" type=\"email\" placeholder=\"E-post\" required>\n\t\t<\/div>\n\n\t\t<div class=\"margin-bottom--xs\">\n\t\t\t<label for=\"reason\" class=\"text--xs margin-bottom--xs\">Jag beh\u00f6ver hj\u00e4lp med:<sup>*<\/sup>\n\t\t\t<\/label>\n\t\t\t\t\t\t\t\t\t\t\t\t\t\t\t\t\t\t\t\t\t\t\t\t\t\t\t\t\t\t\t\t\t\t\t\t\t\t\t\t\t\t\t\n\t\t\t<div class=\"form-select-wrapper\">\n\t\t\t\t<select class=\"form-control reasonSelect\" id=\"reason\" name=\"reason\" required data-toggles-technical-details=\"Tekniska problem\">\n\t\t\t\t\t<option value=\"\" disabled=\"\" selected=\"\">V\u00e4lj ett \u00e4mne<\/option>\n\t\t\t\t\t\t\t\t\t\t\t<option value=\"Avslut\" label=\"Avslut\">Avslut<\/option>\n\t\t\t\t\t\t\t\t\t\t\t<option value=\"BankID\" label=\"BankID\">BankID<\/option>\n\t\t\t\t\t\t\t\t\t\t\t<option value=\"Tekniska problem\" label=\"Tekniska problem\">Tekniska problem<\/option>\n\t\t\t\t\t\t\t\t\t\t\t<option value=\"\u00d6vrigt\" label=\"\u00d6vrigt\">\u00d6vrigt<\/option>\n\t\t\t\t\t\t\t\t\t<\/select>\n\n\t\t\t\t<i class=\"fas fa-chevron-down form-select-wrapper__icon\"><\/i>\n\t\t\t<\/div>\n\t\t<\/div>\n\n\t\t<div class=\"margin-bottom--xs messageField\">\n\t\t\t<label for=\"description\" class=\"text--xs margin-bottom--xs\">Meddelande<sup>*<\/sup>\n\t\t\t<\/label>\n\t\t\t<textarea class=\"form-control\" name=\"description\" type=\"textarea\" required id=\"description\"><\/textarea>\n\t\t<\/div>\n\n\t\t<div class=\"technicalDetailsFields\" style=\"display: none;\">\n\t\t\t<div class=\"margin-bottom--xs\">\n\t\t\t\t<label for=\"intent\" class=\"text--xs margin-bottom--xs\">Vad f\u00f6rs\u00f6kte du g\u00f6ra n\u00e4r problemet uppstod?<sup>*<\/sup>\n\t\t\t\t<\/label>\n\t\t\t\t<textarea class=\"form-control\" name=\"intent\" type=\"textarea\" id=\"intent\" disabled><\/textarea>\n\t\t\t<\/div>\n\n\t\t\t<div class=\"margin-bottom--xs\">\n\t\t\t\t<label for=\"outcome\" class=\"text--xs margin-bottom--xs\">Vad har du sj\u00e4lv gjort f\u00f6r att f\u00f6rs\u00f6ka l\u00f6sa problemet?<sup>*<\/sup>\n\t\t\t\t<\/label>\n\t\t\t\t<textarea class=\"form-control\" name=\"outcome\" type=\"textarea\" id=\"outcome\" disabled><\/textarea>\n\t\t\t<\/div>\n\n\t\t\t<div class=\"margin-bottom--xs\">\n\t\t\t\t<label for=\"device\" class=\"text--xs margin-bottom--xs\">Vilket operativsystem anv\u00e4nder du?<sup>*<\/sup>\n\t\t\t\t<\/label>\n\t\t\t\t<div class=\"form-select-wrapper\">\n\t\t\t\t\t<select class=\"form-control\" name=\"device\" disabled id=\"device\">\n\t\t\t\t\t\t<option value=\"\" disabled=\"\" selected=\"\">V\u00e4lj en enhet<\/option>\n\t\t\t\t\t\t\t\t\t\t\t\t\t<option value=\"iOs\" label=\"iOS (iPhone)\">iOS (iPhone)<\/option>\n\t\t\t\t\t\t\t\t\t\t\t\t\t<option value=\"Android\" label=\"Android\">Android<\/option>\n\t\t\t\t\t\t\t\t\t\t\t\t\t<option value=\"Don't know\" label=\"Vet ej\">Vet ej<\/option>\n\t\t\t\t\t\t\t\t\t\t\t<\/select>\n\t\t\t\t\t<i class=\"fas fa-chevron-down form-select-wrapper__icon\"><\/i>\n\t\t\t\t<\/div>\n\t\t\t<\/div>\n\t\t<\/div>\n\n\t\t\t\t\t\t\t\t\t\n\t\t<input type=\"hidden\" name=\"recordType\" value=\"0127U000000L2dHQAS\">\n\t\t<input type=\"hidden\" name=\"market\" value=\"SE\">\n\t\t<input type=\"hidden\" name=\"Origin\" value=\"Web\">\n\t\t<input type=\"hidden\" name=\"subject\" value=\"Patient Support Form\">\n\t\t<input type=\"hidden\" name=\"retURL\" value=\"https:\/\/www.jointacademy.com\/se\/sv\/kontakt\/patientsupport\/bekraftelse-support\/\">\n\n\t\t<input type=\"hidden\" name=\"type\" value=\"Public\">\n\n\t\t<div class=\"text--center margin-top--md\">\n\t\t\t<input type=\"submit\" name=\"submit\" class=\"btn btn--primary btn--md btn--fullwidth\" value=\"Skicka\">\n\t\t<\/div>\n\t<\/form>\n\n        \n            <\/div>\n\n    \n    \n                <\/section>\n\n\n\n<p><\/p>\n","protected":false},"excerpt":{"rendered":"","protected":false},"author":2,"featured_media":0,"parent":14,"menu_order":0,"comment_status":"closed","ping_status":"closed","template":"","meta":{"footnotes":""},"class_list":["post-6684","page","type-page","status-publish","hentry"],"yoast_head":"<!-- This site is optimized with the Yoast SEO Premium plugin v21.7 (Yoast SEO v21.7) - https:\/\/yoast.com\/wordpress\/plugins\/seo\/ -->\n<title>Patientsupport | Joint Academy<\/title>\n<meta name=\"robots\" content=\"index, follow, max-snippet:-1, max-image-preview:large, max-video-preview:-1\" \/>\n<link rel=\"canonical\" href=\"https:\/\/www.jointacademy.com\/se\/sv\/kontakt\/patientsupport\/\" \/>\n<meta property=\"og:locale\" content=\"sv_SE\" \/>\n<meta property=\"og:type\" content=\"article\" \/>\n<meta property=\"og:title\" content=\"Patientsupport\" \/>\n<meta property=\"og:url\" content=\"https:\/\/www.jointacademy.com\/se\/sv\/kontakt\/patientsupport\/\" \/>\n<meta property=\"og:site_name\" content=\"Joint Academy SE\" \/>\n<meta property=\"article:publisher\" content=\"https:\/\/www.facebook.com\/JointAcademy\/\" \/>\n<meta property=\"article:modified_time\" content=\"2025-10-08T08:50:15+00:00\" \/>\n<meta property=\"og:image\" content=\"https:\/\/www.jointacademy.com\/se\/wp-content\/uploads\/sites\/4\/2022\/09\/ja-generic-og-image.jpg\" \/>\n\t<meta property=\"og:image:width\" content=\"1200\" \/>\n\t<meta property=\"og:image:height\" content=\"630\" \/>\n\t<meta property=\"og:image:type\" content=\"image\/jpeg\" \/>\n<meta name=\"twitter:card\" content=\"summary_large_image\" \/>\n<meta name=\"twitter:label1\" content=\"Ber\u00e4knad l\u00e4stid\" \/>\n\t<meta name=\"twitter:data1\" content=\"1 minut\" \/>\n<script type=\"application\/ld+json\" class=\"yoast-schema-graph\">{\"@context\":\"https:\/\/schema.org\",\"@graph\":[{\"@type\":\"WebPage\",\"@id\":\"https:\/\/www.jointacademy.com\/se\/sv\/kontakt\/patientsupport\/\",\"url\":\"https:\/\/www.jointacademy.com\/se\/sv\/kontakt\/patientsupport\/\",\"name\":\"Patientsupport | Joint Academy\",\"isPartOf\":{\"@id\":\"https:\/\/www.jointacademy.com\/se\/sv\/#website\"},\"datePublished\":\"2025-09-04T13:11:09+00:00\",\"dateModified\":\"2025-10-08T08:50:15+00:00\",\"breadcrumb\":{\"@id\":\"https:\/\/www.jointacademy.com\/se\/sv\/kontakt\/patientsupport\/#breadcrumb\"},\"inLanguage\":\"sv-SE\",\"potentialAction\":[{\"@type\":\"ReadAction\",\"target\":[\"https:\/\/www.jointacademy.com\/se\/sv\/kontakt\/patientsupport\/\"]}]},{\"@type\":\"BreadcrumbList\",\"@id\":\"https:\/\/www.jointacademy.com\/se\/sv\/kontakt\/patientsupport\/#breadcrumb\",\"itemListElement\":[{\"@type\":\"ListItem\",\"position\":1,\"name\":\"Hem\",\"item\":\"https:\/\/www.jointacademy.com\/se\/sv\/\"},{\"@type\":\"ListItem\",\"position\":2,\"name\":\"Kontakt\",\"item\":\"https:\/\/www.jointacademy.com\/se\/sv\/kontakt\/\"},{\"@type\":\"ListItem\",\"position\":3,\"name\":\"Patientsupport\"}]},{\"@type\":\"WebSite\",\"@id\":\"https:\/\/www.jointacademy.com\/se\/sv\/#website\",\"url\":\"https:\/\/www.jointacademy.com\/se\/sv\/\",\"name\":\"Joint Academy SE\",\"description\":\"\",\"publisher\":{\"@id\":\"https:\/\/www.jointacademy.com\/se\/sv\/#organization\"},\"potentialAction\":[{\"@type\":\"SearchAction\",\"target\":{\"@type\":\"EntryPoint\",\"urlTemplate\":\"https:\/\/www.jointacademy.com\/se\/sv\/?s={search_term_string}\"},\"query-input\":\"required name=search_term_string\"}],\"inLanguage\":\"sv-SE\"},{\"@type\":\"Organization\",\"@id\":\"https:\/\/www.jointacademy.com\/se\/sv\/#organization\",\"name\":\"Joint Academy\",\"url\":\"https:\/\/www.jointacademy.com\/se\/sv\/\",\"logo\":{\"@type\":\"ImageObject\",\"inLanguage\":\"sv-SE\",\"@id\":\"https:\/\/www.jointacademy.com\/se\/sv\/#\/schema\/logo\/image\/\",\"url\":\"https:\/\/www.jointacademy.com\/se\/wp-content\/uploads\/sites\/4\/2019\/06\/joint_academy_logo_color@2x.png\",\"contentUrl\":\"https:\/\/www.jointacademy.com\/se\/wp-content\/uploads\/sites\/4\/2019\/06\/joint_academy_logo_color@2x.png\",\"width\":404,\"height\":88,\"caption\":\"Joint Academy\"},\"image\":{\"@id\":\"https:\/\/www.jointacademy.com\/se\/sv\/#\/schema\/logo\/image\/\"},\"sameAs\":[\"https:\/\/www.facebook.com\/JointAcademy\/\"]}]}<\/script>\n<!-- \/ Yoast SEO Premium plugin. -->","yoast_head_json":{"title":"Patientsupport | Joint Academy","robots":{"index":"index","follow":"follow","max-snippet":"max-snippet:-1","max-image-preview":"max-image-preview:large","max-video-preview":"max-video-preview:-1"},"canonical":"https:\/\/www.jointacademy.com\/se\/sv\/kontakt\/patientsupport\/","og_locale":"sv_SE","og_type":"article","og_title":"Patientsupport","og_url":"https:\/\/www.jointacademy.com\/se\/sv\/kontakt\/patientsupport\/","og_site_name":"Joint Academy SE","article_publisher":"https:\/\/www.facebook.com\/JointAcademy\/","article_modified_time":"2025-10-08T08:50:15+00:00","og_image":[{"width":1200,"height":630,"url":"https:\/\/www.jointacademy.com\/se\/wp-content\/uploads\/sites\/4\/2022\/09\/ja-generic-og-image.jpg","type":"image\/jpeg"}],"twitter_card":"summary_large_image","twitter_misc":{"Ber\u00e4knad l\u00e4stid":"1 minut"},"schema":{"@context":"https:\/\/schema.org","@graph":[{"@type":"WebPage","@id":"https:\/\/www.jointacademy.com\/se\/sv\/kontakt\/patientsupport\/","url":"https:\/\/www.jointacademy.com\/se\/sv\/kontakt\/patientsupport\/","name":"Patientsupport | Joint Academy","isPartOf":{"@id":"https:\/\/www.jointacademy.com\/se\/sv\/#website"},"datePublished":"2025-09-04T13:11:09+00:00","dateModified":"2025-10-08T08:50:15+00:00","breadcrumb":{"@id":"https:\/\/www.jointacademy.com\/se\/sv\/kontakt\/patientsupport\/#breadcrumb"},"inLanguage":"sv-SE","potentialAction":[{"@type":"ReadAction","target":["https:\/\/www.jointacademy.com\/se\/sv\/kontakt\/patientsupport\/"]}]},{"@type":"BreadcrumbList","@id":"https:\/\/www.jointacademy.com\/se\/sv\/kontakt\/patientsupport\/#breadcrumb","itemListElement":[{"@type":"ListItem","position":1,"name":"Hem","item":"https:\/\/www.jointacademy.com\/se\/sv\/"},{"@type":"ListItem","position":2,"name":"Kontakt","item":"https:\/\/www.jointacademy.com\/se\/sv\/kontakt\/"},{"@type":"ListItem","position":3,"name":"Patientsupport"}]},{"@type":"WebSite","@id":"https:\/\/www.jointacademy.com\/se\/sv\/#website","url":"https:\/\/www.jointacademy.com\/se\/sv\/","name":"Joint Academy SE","description":"","publisher":{"@id":"https:\/\/www.jointacademy.com\/se\/sv\/#organization"},"potentialAction":[{"@type":"SearchAction","target":{"@type":"EntryPoint","urlTemplate":"https:\/\/www.jointacademy.com\/se\/sv\/?s={search_term_string}"},"query-input":"required name=search_term_string"}],"inLanguage":"sv-SE"},{"@type":"Organization","@id":"https:\/\/www.jointacademy.com\/se\/sv\/#organization","name":"Joint Academy","url":"https:\/\/www.jointacademy.com\/se\/sv\/","logo":{"@type":"ImageObject","inLanguage":"sv-SE","@id":"https:\/\/www.jointacademy.com\/se\/sv\/#\/schema\/logo\/image\/","url":"https:\/\/www.jointacademy.com\/se\/wp-content\/uploads\/sites\/4\/2019\/06\/joint_academy_logo_color@2x.png","contentUrl":"https:\/\/www.jointacademy.com\/se\/wp-content\/uploads\/sites\/4\/2019\/06\/joint_academy_logo_color@2x.png","width":404,"height":88,"caption":"Joint Academy"},"image":{"@id":"https:\/\/www.jointacademy.com\/se\/sv\/#\/schema\/logo\/image\/"},"sameAs":["https:\/\/www.facebook.com\/JointAcademy\/"]}]}},"acf":[],"_links":{"self":[{"href":"https:\/\/www.jointacademy.com\/se\/wp-json\/wp\/v2\/pages\/6684","targetHints":{"allow":["GET"]}}],"collection":[{"href":"https:\/\/www.jointacademy.com\/se\/wp-json\/wp\/v2\/pages"}],"about":[{"href":"https:\/\/www.jointacademy.com\/se\/wp-json\/wp\/v2\/types\/page"}],"author":[{"embeddable":true,"href":"https:\/\/www.jointacademy.com\/se\/wp-json\/wp\/v2\/users\/2"}],"replies":[{"embeddable":true,"href":"https:\/\/www.jointacademy.com\/se\/wp-json\/wp\/v2\/comments?post=6684"}],"version-history":[{"count":0,"href":"https:\/\/www.jointacademy.com\/se\/wp-json\/wp\/v2\/pages\/6684\/revisions"}],"up":[{"embeddable":true,"href":"https:\/\/www.jointacademy.com\/se\/wp-json\/wp\/v2\/pages\/14"}],"wp:attachment":[{"href":"https:\/\/www.jointacademy.com\/se\/wp-json\/wp\/v2\/media?parent=6684"}],"curies":[{"name":"wp","href":"https:\/\/api.w.org\/{rel}","templated":true}]}}